{"id":210088,"date":"2022-05-12T16:21:32","date_gmt":"2022-05-12T21:21:32","guid":{"rendered":"https:\/\/website.dev.stmtires.com\/shop\/sin categor\u00eda\/24-00r35-e2als-2-tl-vrqp-e-4\/"},"modified":"2022-05-12T16:21:32","modified_gmt":"2022-05-12T21:21:32","slug":"24-00r35-e2als-2-tl-vrqp-e-4-2","status":"publish","type":"product","link":"https:\/\/stmtires.com\/es\/shop\/bridgestone-es\/24-00r35-e2als-2-tl-vrqp-e-4-2\/","title":{"rendered":"24.00R35 (E2ALS) 2* TL VRQP E-4"},"content":{"rendered":"<p>Neum\u00e1tico radial OTR Earthmover E-4 Rock Tread Dise\u00f1ado espec\u00edficamente para camiones de acarreo r\u00edgidos que operan en entornos de cantera.<\/p>\n","protected":false},"excerpt":{"rendered":"<p>Neum\u00e1tico radial OTR Earthmover E-4 Rock Tread Dise\u00f1ado espec\u00edficamente para camiones de acarreo r\u00edgidos que operan en entornos de cantera.<\/p>\n","protected":false},"featured_media":222314,"comment_status":"open","ping_status":"closed","template":"","meta":{"_acf_changed":false,"subheading":[]},"product_model":[25841],"product_brand":[],"product_cat":[16265,19289,19253],"product_tag":[],"class_list":{"0":"post-210088","1":"product","2":"type-product","3":"status-publish","4":"has-post-thumbnail","6":"product_model-vrqp-v-steel-rock-quarry-premium-es","7":"product_cat-radial","8":"product_cat-radial-es","9":"product_cat-uncategorized","10":"pa_tire-size-24r35-es","12":"first","13":"instock","14":"shipping-taxable","15":"purchasable","16":"product-type-simple"},"acf":[],"_links":{"self":[{"href":"https:\/\/stmtires.com\/es\/wp-json\/wp\/v2\/product\/210088","targetHints":{"allow":["GET"]}}],"collection":[{"href":"https:\/\/stmtires.com\/es\/wp-json\/wp\/v2\/product"}],"about":[{"href":"https:\/\/stmtires.com\/es\/wp-json\/wp\/v2\/types\/product"}],"replies":[{"embeddable":true,"href":"https:\/\/stmtires.com\/es\/wp-json\/wp\/v2\/comments?post=210088"}],"wp:featuredmedia":[{"embeddable":true,"href":"https:\/\/stmtires.com\/es\/wp-json\/wp\/v2\/media\/222314"}],"wp:attachment":[{"href":"https:\/\/stmtires.com\/es\/wp-json\/wp\/v2\/media?parent=210088"}],"wp:term":[{"taxonomy":"product_model","embeddable":true,"href":"https:\/\/stmtires.com\/es\/wp-json\/wp\/v2\/product_model?post=210088"},{"taxonomy":"product_brand","embeddable":true,"href":"https:\/\/stmtires.com\/es\/wp-json\/wp\/v2\/product_brand?post=210088"},{"taxonomy":"product_cat","embeddable":true,"href":"https:\/\/stmtires.com\/es\/wp-json\/wp\/v2\/product_cat?post=210088"},{"taxonomy":"product_tag","embeddable":true,"href":"https:\/\/stmtires.com\/es\/wp-json\/wp\/v2\/product_tag?post=210088"}],"curies":[{"name":"wp","href":"https:\/\/api.w.org\/{rel}","templated":true}]}}