{"id":210227,"date":"2022-05-12T14:41:25","date_gmt":"2022-05-12T19:41:25","guid":{"rendered":"https:\/\/website.dev.stmtires.com\/shop\/sin categor\u00eda\/235-75r17-5-h-doble-moneda-rt500\/"},"modified":"2022-05-12T14:41:25","modified_gmt":"2022-05-12T19:41:25","slug":"235-75r17-5-h-doble-moneda-rt500","status":"publish","type":"product","link":"https:\/\/stmtires.com\/es\/shop\/double-coin\/235-75r17-5-h-doble-moneda-rt500\/","title":{"rendered":"235\/75R17.5 H DOBLE MONEDA RT500"},"content":{"rendered":"<p>Cami\u00f3n\/Autob\u00fas Comercial. Cami\u00f3n de servicio mediano Neum\u00e1tico multiuso de perfil bajo de toda posici\u00f3n para diversas aplicaciones.<\/p>\n","protected":false},"excerpt":{"rendered":"<p>Cami\u00f3n\/Autob\u00fas Comercial. Cami\u00f3n de servicio mediano Neum\u00e1tico multiuso de perfil bajo de toda posici\u00f3n para diversas aplicaciones.<\/p>\n","protected":false},"featured_media":0,"comment_status":"open","ping_status":"closed","template":"","meta":{"_acf_changed":false,"subheading":[]},"product_model":[22862],"product_brand":[103],"product_cat":[19286,26140,19316],"product_tag":[],"class_list":{"0":"post-210227","1":"product","2":"type-product","3":"status-publish","5":"product_model-double-coin-rt500-es-2","6":"product_brand-double-coin","7":"product_cat-camion-autobus-comercial","8":"product_cat-perfil-bajo","9":"product_cat-todas-las-posiciones","10":"pa_tire-size-235-75r17-5-es","12":"first","13":"instock","14":"shipping-taxable","15":"purchasable","16":"product-type-simple"},"acf":[],"_links":{"self":[{"href":"https:\/\/stmtires.com\/es\/wp-json\/wp\/v2\/product\/210227","targetHints":{"allow":["GET"]}}],"collection":[{"href":"https:\/\/stmtires.com\/es\/wp-json\/wp\/v2\/product"}],"about":[{"href":"https:\/\/stmtires.com\/es\/wp-json\/wp\/v2\/types\/product"}],"replies":[{"embeddable":true,"href":"https:\/\/stmtires.com\/es\/wp-json\/wp\/v2\/comments?post=210227"}],"wp:attachment":[{"href":"https:\/\/stmtires.com\/es\/wp-json\/wp\/v2\/media?parent=210227"}],"wp:term":[{"taxonomy":"product_model","embeddable":true,"href":"https:\/\/stmtires.com\/es\/wp-json\/wp\/v2\/product_model?post=210227"},{"taxonomy":"product_brand","embeddable":true,"href":"https:\/\/stmtires.com\/es\/wp-json\/wp\/v2\/product_brand?post=210227"},{"taxonomy":"product_cat","embeddable":true,"href":"https:\/\/stmtires.com\/es\/wp-json\/wp\/v2\/product_cat?post=210227"},{"taxonomy":"product_tag","embeddable":true,"href":"https:\/\/stmtires.com\/es\/wp-json\/wp\/v2\/product_tag?post=210227"}],"curies":[{"name":"wp","href":"https:\/\/api.w.org\/{rel}","templated":true}]}}