{"id":210767,"date":"2022-05-12T14:32:31","date_gmt":"2022-05-12T19:32:31","guid":{"rendered":"https:\/\/website.dev.stmtires.com\/shop\/sin categor\u00eda\/235-70r15-dueler-h-t-689\/"},"modified":"2022-05-12T14:32:31","modified_gmt":"2022-05-12T19:32:31","slug":"235-70r15-dueler-h-t-689-2","status":"publish","type":"product","link":"https:\/\/stmtires.com\/es\/shop\/tires\/235-70r15-dueler-h-t-689-2\/","title":{"rendered":"235\/70R15 DUELER H\/T 689"},"content":{"rendered":"<p>Neum\u00e1tico cami\u00f3n ligero \/ SUV de pasajeros de tracci\u00f3n en carretera para todas las estaciones. Neum\u00e1tico de equipo original (OE) en veh\u00edculos seleccionados.<\/p>\n","protected":false},"excerpt":{"rendered":"<p>Neum\u00e1tico cami\u00f3n ligero \/ SUV de pasajeros de tracci\u00f3n en carretera para todas las estaciones. Neum\u00e1tico de equipo original (OE) en veh\u00edculos seleccionados.<\/p>\n","protected":false},"featured_media":0,"comment_status":"open","ping_status":"closed","template":"","meta":{"_acf_changed":false,"subheading":[]},"product_model":[22836],"product_brand":[],"product_cat":[],"product_tag":[],"class_list":{"0":"post-210767","1":"product","2":"type-product","3":"status-publish","5":"product_model-dueler-h-t-689-es-2","7":"first","8":"instock","9":"shipping-taxable","10":"purchasable","11":"product-type-simple"},"acf":[],"_links":{"self":[{"href":"https:\/\/stmtires.com\/es\/wp-json\/wp\/v2\/product\/210767","targetHints":{"allow":["GET"]}}],"collection":[{"href":"https:\/\/stmtires.com\/es\/wp-json\/wp\/v2\/product"}],"about":[{"href":"https:\/\/stmtires.com\/es\/wp-json\/wp\/v2\/types\/product"}],"replies":[{"embeddable":true,"href":"https:\/\/stmtires.com\/es\/wp-json\/wp\/v2\/comments?post=210767"}],"wp:attachment":[{"href":"https:\/\/stmtires.com\/es\/wp-json\/wp\/v2\/media?parent=210767"}],"wp:term":[{"taxonomy":"product_model","embeddable":true,"href":"https:\/\/stmtires.com\/es\/wp-json\/wp\/v2\/product_model?post=210767"},{"taxonomy":"product_brand","embeddable":true,"href":"https:\/\/stmtires.com\/es\/wp-json\/wp\/v2\/product_brand?post=210767"},{"taxonomy":"product_cat","embeddable":true,"href":"https:\/\/stmtires.com\/es\/wp-json\/wp\/v2\/product_cat?post=210767"},{"taxonomy":"product_tag","embeddable":true,"href":"https:\/\/stmtires.com\/es\/wp-json\/wp\/v2\/product_tag?post=210767"}],"curies":[{"name":"wp","href":"https:\/\/api.w.org\/{rel}","templated":true}]}}