{"id":210982,"date":"2022-05-12T10:33:03","date_gmt":"2022-05-12T15:33:03","guid":{"rendered":"https:\/\/website.dev.stmtires.com\/shop\/sin categor\u00eda\/235-65r17-energia-mxv4-plus-2\/"},"modified":"2022-05-12T10:33:03","modified_gmt":"2022-05-12T15:33:03","slug":"235-65r17-energia-mxv4-plus-2","status":"publish","type":"product","link":"https:\/\/stmtires.com\/es\/shop\/michelin-es\/235-65r17-energia-mxv4-plus-2\/","title":{"rendered":"235\/65R17 ENERG\u00cdA MXV4 PLUS"},"content":{"rendered":"<p>Neum\u00e1tico de turismo de alto rendimiento para todo el a\u00f1o. Equipo original en veh\u00edculos de turismo como Buick Lucerne y Chrysler Pacifica.<\/p>\n","protected":false},"excerpt":{"rendered":"<p>Neum\u00e1tico de turismo de alto rendimiento para todo el a\u00f1o. Equipo original en veh\u00edculos de turismo como Buick Lucerne y Chrysler Pacifica.<\/p>\n","protected":false},"featured_media":106640,"comment_status":"open","ping_status":"closed","template":"","meta":{"_acf_changed":false,"subheading":[]},"product_model":[25379],"product_brand":[15734],"product_cat":[25986],"product_tag":[],"class_list":{"0":"post-210982","1":"product","2":"type-product","3":"status-publish","4":"has-post-thumbnail","6":"product_model-energy-mxv4-plus-es","7":"product_brand-michelin-es","8":"product_cat-luz-de-pasajero","9":"pa_tire-size-235-65r17-es","11":"first","12":"instock","13":"shipping-taxable","14":"purchasable","15":"product-type-simple"},"acf":[],"_links":{"self":[{"href":"https:\/\/stmtires.com\/es\/wp-json\/wp\/v2\/product\/210982","targetHints":{"allow":["GET"]}}],"collection":[{"href":"https:\/\/stmtires.com\/es\/wp-json\/wp\/v2\/product"}],"about":[{"href":"https:\/\/stmtires.com\/es\/wp-json\/wp\/v2\/types\/product"}],"replies":[{"embeddable":true,"href":"https:\/\/stmtires.com\/es\/wp-json\/wp\/v2\/comments?post=210982"}],"wp:featuredmedia":[{"embeddable":true,"href":"https:\/\/stmtires.com\/es\/wp-json\/wp\/v2\/media\/106640"}],"wp:attachment":[{"href":"https:\/\/stmtires.com\/es\/wp-json\/wp\/v2\/media?parent=210982"}],"wp:term":[{"taxonomy":"product_model","embeddable":true,"href":"https:\/\/stmtires.com\/es\/wp-json\/wp\/v2\/product_model?post=210982"},{"taxonomy":"product_brand","embeddable":true,"href":"https:\/\/stmtires.com\/es\/wp-json\/wp\/v2\/product_brand?post=210982"},{"taxonomy":"product_cat","embeddable":true,"href":"https:\/\/stmtires.com\/es\/wp-json\/wp\/v2\/product_cat?post=210982"},{"taxonomy":"product_tag","embeddable":true,"href":"https:\/\/stmtires.com\/es\/wp-json\/wp\/v2\/product_tag?post=210982"}],"curies":[{"name":"wp","href":"https:\/\/api.w.org\/{rel}","templated":true}]}}