{"id":211468,"date":"2022-05-12T11:28:39","date_gmt":"2022-05-12T16:28:39","guid":{"rendered":"https:\/\/website.dev.stmtires.com\/shop\/sin categor\u00eda\/235-60r17-turismo-de-precision\/"},"modified":"2022-06-07T12:43:40","modified_gmt":"2022-06-07T17:43:40","slug":"235-60r17-turismo-de-precision","status":"publish","type":"product","link":"https:\/\/stmtires.com\/es\/shop\/firestone-es\/235-60r17-turismo-de-precision\/","title":{"rendered":"235\/60R17 TURISMO DE PRECISI\u00d3N"},"content":{"rendered":"<p>Neum\u00e1tico para autom\u00f3viles de pasajeros para todas las estaciones para sedanes medianos.<\/p>\n","protected":false},"excerpt":{"rendered":"<p>Neum\u00e1tico para autom\u00f3viles de pasajeros para todas las estaciones para sedanes medianos.<\/p>\n","protected":false},"featured_media":0,"comment_status":"open","ping_status":"closed","template":"","meta":{"_acf_changed":false,"subheading":[]},"product_model":[25460],"product_brand":[15736],"product_cat":[25986,19253],"product_tag":[],"class_list":{"0":"post-211468","1":"product","2":"type-product","3":"status-publish","5":"product_model-precision-touring-es","6":"product_brand-firestone-es","7":"product_cat-luz-de-pasajero","8":"product_cat-uncategorized","9":"pa_tire-size-235-60r17-es","11":"first","12":"instock","13":"shipping-taxable","14":"purchasable","15":"product-type-simple"},"acf":[],"_links":{"self":[{"href":"https:\/\/stmtires.com\/es\/wp-json\/wp\/v2\/product\/211468","targetHints":{"allow":["GET"]}}],"collection":[{"href":"https:\/\/stmtires.com\/es\/wp-json\/wp\/v2\/product"}],"about":[{"href":"https:\/\/stmtires.com\/es\/wp-json\/wp\/v2\/types\/product"}],"replies":[{"embeddable":true,"href":"https:\/\/stmtires.com\/es\/wp-json\/wp\/v2\/comments?post=211468"}],"wp:attachment":[{"href":"https:\/\/stmtires.com\/es\/wp-json\/wp\/v2\/media?parent=211468"}],"wp:term":[{"taxonomy":"product_model","embeddable":true,"href":"https:\/\/stmtires.com\/es\/wp-json\/wp\/v2\/product_model?post=211468"},{"taxonomy":"product_brand","embeddable":true,"href":"https:\/\/stmtires.com\/es\/wp-json\/wp\/v2\/product_brand?post=211468"},{"taxonomy":"product_cat","embeddable":true,"href":"https:\/\/stmtires.com\/es\/wp-json\/wp\/v2\/product_cat?post=211468"},{"taxonomy":"product_tag","embeddable":true,"href":"https:\/\/stmtires.com\/es\/wp-json\/wp\/v2\/product_tag?post=211468"}],"curies":[{"name":"wp","href":"https:\/\/api.w.org\/{rel}","templated":true}]}}