{"id":212404,"date":"2022-05-12T10:36:26","date_gmt":"2022-05-12T15:36:26","guid":{"rendered":"https:\/\/website.dev.stmtires.com\/shop\/no_item\/215-75r17-5-f-m608\/"},"modified":"2022-05-12T10:36:26","modified_gmt":"2022-05-12T15:36:26","slug":"215-75r17-5-f-m608-2","status":"publish","type":"product","link":"https:\/\/stmtires.com\/es\/shop\/toyo-es\/215-75r17-5-f-m608-2\/","title":{"rendered":"215\/75R17.5 F M608"},"content":{"rendered":"<p>Cami\u00f3n\/Autob\u00fas Comercial. Neum\u00e1tico de posici\u00f3n de carga abierta para camiones de servicio mediano para el servicio de recogida y entrega regional y urbano. Los tama\u00f1os seleccionados est\u00e1n disponibles en N-Speed Rating para que coincidan con las especificaciones de OE.<\/p>\n","protected":false},"excerpt":{"rendered":"<p>Cami\u00f3n\/Autob\u00fas Comercial. Neum\u00e1tico de posici\u00f3n de carga abierta para camiones de servicio mediano para el servicio de recogida y entrega regional y urbano. Los tama\u00f1os seleccionados est\u00e1n disponibles en N-Speed Rating para que coincidan con las especificaciones de OE.<\/p>\n","protected":false},"featured_media":0,"comment_status":"open","ping_status":"closed","template":"","meta":{"_acf_changed":false,"subheading":[]},"product_model":[22373],"product_brand":[15760],"product_cat":[19286,19288,19310,19287,19332],"product_tag":[],"class_list":{"0":"post-212404","1":"product","2":"type-product","3":"status-publish","5":"product_model-m608-es-2","6":"product_brand-toyo-es","7":"product_cat-camion-autobus-comercial","8":"product_cat-conducir","9":"product_cat-hombro-abierto","10":"product_cat-servicio-de-autopistas","11":"product_cat-servicio-regional","12":"pa_tire-size-215-75r17-5-es","14":"first","15":"instock","16":"shipping-taxable","17":"purchasable","18":"product-type-simple"},"acf":[],"_links":{"self":[{"href":"https:\/\/stmtires.com\/es\/wp-json\/wp\/v2\/product\/212404","targetHints":{"allow":["GET"]}}],"collection":[{"href":"https:\/\/stmtires.com\/es\/wp-json\/wp\/v2\/product"}],"about":[{"href":"https:\/\/stmtires.com\/es\/wp-json\/wp\/v2\/types\/product"}],"replies":[{"embeddable":true,"href":"https:\/\/stmtires.com\/es\/wp-json\/wp\/v2\/comments?post=212404"}],"wp:attachment":[{"href":"https:\/\/stmtires.com\/es\/wp-json\/wp\/v2\/media?parent=212404"}],"wp:term":[{"taxonomy":"product_model","embeddable":true,"href":"https:\/\/stmtires.com\/es\/wp-json\/wp\/v2\/product_model?post=212404"},{"taxonomy":"product_brand","embeddable":true,"href":"https:\/\/stmtires.com\/es\/wp-json\/wp\/v2\/product_brand?post=212404"},{"taxonomy":"product_cat","embeddable":true,"href":"https:\/\/stmtires.com\/es\/wp-json\/wp\/v2\/product_cat?post=212404"},{"taxonomy":"product_tag","embeddable":true,"href":"https:\/\/stmtires.com\/es\/wp-json\/wp\/v2\/product_tag?post=212404"}],"curies":[{"name":"wp","href":"https:\/\/api.w.org\/{rel}","templated":true}]}}