{"id":212494,"date":"2022-05-12T11:44:10","date_gmt":"2022-05-12T16:44:10","guid":{"rendered":"https:\/\/website.dev.stmtires.com\/shop\/no_item\/235-50zr18-xl-piloto-super-sport\/"},"modified":"2022-05-12T11:44:10","modified_gmt":"2022-05-12T16:44:10","slug":"235-50zr18-xl-piloto-superdeportivo","status":"publish","type":"product","link":"https:\/\/stmtires.com\/es\/shop\/michelin-es\/235-50zr18-xl-piloto-superdeportivo\/","title":{"rendered":"235\/50ZR18 XL PILOTO SUPER SPORT"},"content":{"rendered":"<p>Neum\u00e1tico de coche de pasajeros de ultra alto rendimiento de verano. Tecnolog\u00eda Run Flat disponible en tama\u00f1os seleccionados.<\/p>\n","protected":false},"excerpt":{"rendered":"<p>Neum\u00e1tico de coche de pasajeros de ultra alto rendimiento de verano. Tecnolog\u00eda Run Flat disponible en tama\u00f1os seleccionados.<\/p>\n","protected":false},"featured_media":0,"comment_status":"open","ping_status":"closed","template":"","meta":{"_acf_changed":false,"subheading":[]},"product_model":[25468],"product_brand":[15734],"product_cat":[25986,19253],"product_tag":[],"class_list":{"0":"post-212494","1":"product","2":"type-product","3":"status-publish","5":"product_model-pilot-super-sport-es","6":"product_brand-michelin-es","7":"product_cat-luz-de-pasajero","8":"product_cat-uncategorized","9":"pa_tire-size-235-50r18-es","11":"first","12":"instock","13":"shipping-taxable","14":"purchasable","15":"product-type-simple"},"acf":[],"_links":{"self":[{"href":"https:\/\/stmtires.com\/es\/wp-json\/wp\/v2\/product\/212494","targetHints":{"allow":["GET"]}}],"collection":[{"href":"https:\/\/stmtires.com\/es\/wp-json\/wp\/v2\/product"}],"about":[{"href":"https:\/\/stmtires.com\/es\/wp-json\/wp\/v2\/types\/product"}],"replies":[{"embeddable":true,"href":"https:\/\/stmtires.com\/es\/wp-json\/wp\/v2\/comments?post=212494"}],"wp:attachment":[{"href":"https:\/\/stmtires.com\/es\/wp-json\/wp\/v2\/media?parent=212494"}],"wp:term":[{"taxonomy":"product_model","embeddable":true,"href":"https:\/\/stmtires.com\/es\/wp-json\/wp\/v2\/product_model?post=212494"},{"taxonomy":"product_brand","embeddable":true,"href":"https:\/\/stmtires.com\/es\/wp-json\/wp\/v2\/product_brand?post=212494"},{"taxonomy":"product_cat","embeddable":true,"href":"https:\/\/stmtires.com\/es\/wp-json\/wp\/v2\/product_cat?post=212494"},{"taxonomy":"product_tag","embeddable":true,"href":"https:\/\/stmtires.com\/es\/wp-json\/wp\/v2\/product_tag?post=212494"}],"curies":[{"name":"wp","href":"https:\/\/api.w.org\/{rel}","templated":true}]}}