{"id":212527,"date":"2022-05-12T11:40:09","date_gmt":"2022-05-12T16:40:09","guid":{"rendered":"https:\/\/website.dev.stmtires.com\/shop\/no_item\/215-75r17-5-h-fs560-plus\/"},"modified":"2022-05-12T11:40:09","modified_gmt":"2022-05-12T16:40:09","slug":"215-75r17-5-h-fs560-plus-2","status":"publish","type":"product","link":"https:\/\/stmtires.com\/es\/shop\/firestone-es\/215-75r17-5-h-fs560-plus-2\/","title":{"rendered":"215\/75R17.5 H FS560 PLUS"},"content":{"rendered":"<p>Cami\u00f3n\/Autob\u00fas Comercial. Neum\u00e1tico radial de direcci\u00f3n de cami\u00f3n de servicio mediano \/ de posici\u00f3n completa dise\u00f1ado para aplicaciones de direcci\u00f3n en servicio de transporte regional y servicio de recogida y entrega. &#8212; El dise\u00f1o de la banda de rodadura difiere seg\u00fan el tama\u00f1o\/aplicaci\u00f3n &#8212;<\/p>\n","protected":false},"excerpt":{"rendered":"<p>Cami\u00f3n\/Autob\u00fas Comercial. Neum\u00e1tico radial de direcci\u00f3n de cami\u00f3n de servicio mediano \/ de posici\u00f3n completa dise\u00f1ado para aplicaciones de direcci\u00f3n en servicio de transporte regional y servicio de recogida y entrega. &#8212; El dise\u00f1o de la banda de rodadura difiere seg\u00fan el tama\u00f1o\/aplicaci\u00f3n &#8212;<\/p>\n","protected":false},"featured_media":0,"comment_status":"open","ping_status":"closed","template":"","meta":{"_acf_changed":false,"subheading":[]},"product_model":[22455],"product_brand":[15736],"product_cat":[19286,19321,19289,16266,19332,19316,19253],"product_tag":[],"class_list":{"0":"post-212527","1":"product","2":"type-product","3":"status-publish","5":"product_model-fs560-plus-es-2","6":"product_brand-firestone-es","7":"product_cat-camion-autobus-comercial","8":"product_cat-conducir-es","9":"product_cat-radial-es","10":"product_cat-regional-service","11":"product_cat-servicio-regional","12":"product_cat-todas-las-posiciones","13":"product_cat-uncategorized","14":"pa_tire-size-215-75r17-5-es","16":"first","17":"instock","18":"shipping-taxable","19":"purchasable","20":"product-type-simple"},"acf":[],"_links":{"self":[{"href":"https:\/\/stmtires.com\/es\/wp-json\/wp\/v2\/product\/212527","targetHints":{"allow":["GET"]}}],"collection":[{"href":"https:\/\/stmtires.com\/es\/wp-json\/wp\/v2\/product"}],"about":[{"href":"https:\/\/stmtires.com\/es\/wp-json\/wp\/v2\/types\/product"}],"replies":[{"embeddable":true,"href":"https:\/\/stmtires.com\/es\/wp-json\/wp\/v2\/comments?post=212527"}],"wp:attachment":[{"href":"https:\/\/stmtires.com\/es\/wp-json\/wp\/v2\/media?parent=212527"}],"wp:term":[{"taxonomy":"product_model","embeddable":true,"href":"https:\/\/stmtires.com\/es\/wp-json\/wp\/v2\/product_model?post=212527"},{"taxonomy":"product_brand","embeddable":true,"href":"https:\/\/stmtires.com\/es\/wp-json\/wp\/v2\/product_brand?post=212527"},{"taxonomy":"product_cat","embeddable":true,"href":"https:\/\/stmtires.com\/es\/wp-json\/wp\/v2\/product_cat?post=212527"},{"taxonomy":"product_tag","embeddable":true,"href":"https:\/\/stmtires.com\/es\/wp-json\/wp\/v2\/product_tag?post=212527"}],"curies":[{"name":"wp","href":"https:\/\/api.w.org\/{rel}","templated":true}]}}