{"id":212572,"date":"2022-05-12T10:20:31","date_gmt":"2022-05-12T15:20:31","guid":{"rendered":"https:\/\/website.dev.stmtires.com\/shop\/no_item\/215-75r17-5-h-m1430\/"},"modified":"2022-05-12T10:20:31","modified_gmt":"2022-05-12T15:20:31","slug":"215-75r17-5-h-m1430-2","status":"publish","type":"product","link":"https:\/\/stmtires.com\/es\/shop\/toyo-es\/215-75r17-5-h-m1430-2\/","title":{"rendered":"215\/75R17.5 H M1430"},"content":{"rendered":"<p>Cami\u00f3n\/Autob\u00fas Comercial. Neum\u00e1tico de posici\u00f3n de remolque de plataforma baja de cami\u00f3n de servicio medio adecuado para remolques de plataforma baja y alto cubo en aplicaciones regionales, urbanas y de larga distancia.<\/p>\n","protected":false},"excerpt":{"rendered":"<p>Cami\u00f3n\/Autob\u00fas Comercial. Neum\u00e1tico de posici\u00f3n de remolque de plataforma baja de cami\u00f3n de servicio medio adecuado para remolques de plataforma baja y alto cubo en aplicaciones regionales, urbanas y de larga distancia.<\/p>\n","protected":false},"featured_media":0,"comment_status":"open","ping_status":"closed","template":"","meta":{"_acf_changed":false,"subheading":[]},"product_model":[25286],"product_brand":[15760],"product_cat":[19286,19336],"product_tag":[],"class_list":{"0":"post-212572","1":"product","2":"type-product","3":"status-publish","5":"product_model-m1430-es","6":"product_brand-toyo-es","7":"product_cat-camion-autobus-comercial","8":"product_cat-posicion-del-remolque","9":"pa_tire-size-215-75r17-5-es","11":"first","12":"instock","13":"shipping-taxable","14":"purchasable","15":"product-type-simple"},"acf":[],"_links":{"self":[{"href":"https:\/\/stmtires.com\/es\/wp-json\/wp\/v2\/product\/212572","targetHints":{"allow":["GET"]}}],"collection":[{"href":"https:\/\/stmtires.com\/es\/wp-json\/wp\/v2\/product"}],"about":[{"href":"https:\/\/stmtires.com\/es\/wp-json\/wp\/v2\/types\/product"}],"replies":[{"embeddable":true,"href":"https:\/\/stmtires.com\/es\/wp-json\/wp\/v2\/comments?post=212572"}],"wp:attachment":[{"href":"https:\/\/stmtires.com\/es\/wp-json\/wp\/v2\/media?parent=212572"}],"wp:term":[{"taxonomy":"product_model","embeddable":true,"href":"https:\/\/stmtires.com\/es\/wp-json\/wp\/v2\/product_model?post=212572"},{"taxonomy":"product_brand","embeddable":true,"href":"https:\/\/stmtires.com\/es\/wp-json\/wp\/v2\/product_brand?post=212572"},{"taxonomy":"product_cat","embeddable":true,"href":"https:\/\/stmtires.com\/es\/wp-json\/wp\/v2\/product_cat?post=212572"},{"taxonomy":"product_tag","embeddable":true,"href":"https:\/\/stmtires.com\/es\/wp-json\/wp\/v2\/product_tag?post=212572"}],"curies":[{"name":"wp","href":"https:\/\/api.w.org\/{rel}","templated":true}]}}