{"id":212584,"date":"2022-05-12T15:52:05","date_gmt":"2022-05-12T20:52:05","guid":{"rendered":"https:\/\/website.dev.stmtires.com\/shop\/no_item\/215-75r175-h-r184\/"},"modified":"2022-05-12T15:52:05","modified_gmt":"2022-05-12T20:52:05","slug":"215-75r17-5-h-r184-2","status":"publish","type":"product","link":"https:\/\/stmtires.com\/es\/shop\/bridgestone-es\/215-75r17-5-h-r184-2\/","title":{"rendered":"215\/75R17,5 H R184"},"content":{"rendered":"<p>Cami\u00f3n\/Autob\u00fas Comercial. Posici\u00f3n del remolque del cami\u00f3n de servicio mediano Neum\u00e1tico radial de solo uso recomendado para el servicio especial de remolque de alta carga.<\/p>\n","protected":false},"excerpt":{"rendered":"<p>Cami\u00f3n\/Autob\u00fas Comercial. Posici\u00f3n del remolque del cami\u00f3n de servicio mediano Neum\u00e1tico radial de solo uso recomendado para el servicio especial de remolque de alta carga.<\/p>\n","protected":false},"featured_media":222862,"comment_status":"open","ping_status":"closed","template":"","meta":{"_acf_changed":false,"subheading":[]},"product_model":[25828],"product_brand":[],"product_cat":[19286,19336,19289,19253],"product_tag":[],"class_list":{"0":"post-212584","1":"product","2":"type-product","3":"status-publish","4":"has-post-thumbnail","6":"product_model-r184-es","7":"product_cat-camion-autobus-comercial","8":"product_cat-posicion-del-remolque","9":"product_cat-radial-es","10":"product_cat-uncategorized","11":"pa_tire-size-215-75r17-5-es","13":"first","14":"instock","15":"shipping-taxable","16":"purchasable","17":"product-type-simple"},"acf":[],"_links":{"self":[{"href":"https:\/\/stmtires.com\/es\/wp-json\/wp\/v2\/product\/212584","targetHints":{"allow":["GET"]}}],"collection":[{"href":"https:\/\/stmtires.com\/es\/wp-json\/wp\/v2\/product"}],"about":[{"href":"https:\/\/stmtires.com\/es\/wp-json\/wp\/v2\/types\/product"}],"replies":[{"embeddable":true,"href":"https:\/\/stmtires.com\/es\/wp-json\/wp\/v2\/comments?post=212584"}],"wp:featuredmedia":[{"embeddable":true,"href":"https:\/\/stmtires.com\/es\/wp-json\/wp\/v2\/media\/222862"}],"wp:attachment":[{"href":"https:\/\/stmtires.com\/es\/wp-json\/wp\/v2\/media?parent=212584"}],"wp:term":[{"taxonomy":"product_model","embeddable":true,"href":"https:\/\/stmtires.com\/es\/wp-json\/wp\/v2\/product_model?post=212584"},{"taxonomy":"product_brand","embeddable":true,"href":"https:\/\/stmtires.com\/es\/wp-json\/wp\/v2\/product_brand?post=212584"},{"taxonomy":"product_cat","embeddable":true,"href":"https:\/\/stmtires.com\/es\/wp-json\/wp\/v2\/product_cat?post=212584"},{"taxonomy":"product_tag","embeddable":true,"href":"https:\/\/stmtires.com\/es\/wp-json\/wp\/v2\/product_tag?post=212584"}],"curies":[{"name":"wp","href":"https:\/\/api.w.org\/{rel}","templated":true}]}}