{"id":212657,"date":"2022-05-12T15:37:08","date_gmt":"2022-05-12T20:37:08","guid":{"rendered":"https:\/\/website.dev.stmtires.com\/shop\/no_item\/215-75r17-5-r294\/"},"modified":"2022-05-12T15:37:08","modified_gmt":"2022-05-12T20:37:08","slug":"215-75r17-5-r294-2","status":"publish","type":"product","link":"https:\/\/stmtires.com\/es\/shop\/bridgestone-es\/215-75r17-5-r294-2\/","title":{"rendered":"215\/75R17.5 R294"},"content":{"rendered":"<p>Cami\u00f3n\/Autob\u00fas Comercial. Neum\u00e1tico de direcci\u00f3n de cami\u00f3n de servicio mediano ideal para el servicio local de P&amp;D y el transporte regional.<\/p>\n","protected":false},"excerpt":{"rendered":"<p>Cami\u00f3n\/Autob\u00fas Comercial. Neum\u00e1tico de direcci\u00f3n de cami\u00f3n de servicio mediano ideal para el servicio local de P&amp;D y el transporte regional.<\/p>\n","protected":false},"featured_media":0,"comment_status":"open","ping_status":"closed","template":"","meta":{"_acf_changed":false,"subheading":[]},"product_model":[25829],"product_brand":[],"product_cat":[19286,19321,19332,19253],"product_tag":[],"class_list":{"0":"post-212657","1":"product","2":"type-product","3":"status-publish","5":"product_model-r294-es","6":"product_cat-camion-autobus-comercial","7":"product_cat-conducir-es","8":"product_cat-servicio-regional","9":"product_cat-uncategorized","10":"pa_tire-size-215-75r17-5-es","12":"first","13":"instock","14":"shipping-taxable","15":"purchasable","16":"product-type-simple"},"acf":[],"_links":{"self":[{"href":"https:\/\/stmtires.com\/es\/wp-json\/wp\/v2\/product\/212657","targetHints":{"allow":["GET"]}}],"collection":[{"href":"https:\/\/stmtires.com\/es\/wp-json\/wp\/v2\/product"}],"about":[{"href":"https:\/\/stmtires.com\/es\/wp-json\/wp\/v2\/types\/product"}],"replies":[{"embeddable":true,"href":"https:\/\/stmtires.com\/es\/wp-json\/wp\/v2\/comments?post=212657"}],"wp:attachment":[{"href":"https:\/\/stmtires.com\/es\/wp-json\/wp\/v2\/media?parent=212657"}],"wp:term":[{"taxonomy":"product_model","embeddable":true,"href":"https:\/\/stmtires.com\/es\/wp-json\/wp\/v2\/product_model?post=212657"},{"taxonomy":"product_brand","embeddable":true,"href":"https:\/\/stmtires.com\/es\/wp-json\/wp\/v2\/product_brand?post=212657"},{"taxonomy":"product_cat","embeddable":true,"href":"https:\/\/stmtires.com\/es\/wp-json\/wp\/v2\/product_cat?post=212657"},{"taxonomy":"product_tag","embeddable":true,"href":"https:\/\/stmtires.com\/es\/wp-json\/wp\/v2\/product_tag?post=212657"}],"curies":[{"name":"wp","href":"https:\/\/api.w.org\/{rel}","templated":true}]}}