{"id":212879,"date":"2022-05-12T11:23:03","date_gmt":"2022-05-12T16:23:03","guid":{"rendered":"https:\/\/website.dev.stmtires.com\/shop\/no_item\/21l-24-h-tl-utilidad-de-traccion-r-4\/"},"modified":"2022-05-12T11:23:03","modified_gmt":"2022-05-12T16:23:03","slug":"21l-24-h-tl-all-traction-utility-r-4-2","status":"publish","type":"product","link":"https:\/\/stmtires.com\/es\/shop\/firestone-es\/21l-24-h-tl-all-traction-utility-r-4-2\/","title":{"rendered":"21L-24 H TL UTILIDAD DE TRACCI\u00d3N R-4"},"content":{"rendered":"<p>Neum\u00e1tico agr\u00edcola R-4 Bias Drive para m\u00e1quinas de construcci\u00f3n ligeras como tractores, cargadoras y retroexcavadoras.<\/p>\n","protected":false},"excerpt":{"rendered":"<p>Neum\u00e1tico agr\u00edcola R-4 Bias Drive para m\u00e1quinas de construcci\u00f3n ligeras como tractores, cargadoras y retroexcavadoras.<\/p>\n","protected":false},"featured_media":0,"comment_status":"open","ping_status":"closed","template":"","meta":{"_acf_changed":false,"subheading":[]},"product_model":[25551],"product_brand":[15736],"product_cat":[26128,19288,19355,26129,19253],"product_tag":[],"class_list":{"0":"post-212879","1":"product","2":"type-product","3":"status-publish","5":"product_model-all-traction-utility-r-4-es","6":"product_brand-firestone-es","7":"product_cat-agricola","8":"product_cat-conducir","9":"product_cat-predisposicion","10":"product_cat-tractor-es","11":"product_cat-uncategorized","12":"pa_tire-size-21r24-es","14":"first","15":"instock","16":"shipping-taxable","17":"purchasable","18":"product-type-simple"},"acf":[],"_links":{"self":[{"href":"https:\/\/stmtires.com\/es\/wp-json\/wp\/v2\/product\/212879","targetHints":{"allow":["GET"]}}],"collection":[{"href":"https:\/\/stmtires.com\/es\/wp-json\/wp\/v2\/product"}],"about":[{"href":"https:\/\/stmtires.com\/es\/wp-json\/wp\/v2\/types\/product"}],"replies":[{"embeddable":true,"href":"https:\/\/stmtires.com\/es\/wp-json\/wp\/v2\/comments?post=212879"}],"wp:attachment":[{"href":"https:\/\/stmtires.com\/es\/wp-json\/wp\/v2\/media?parent=212879"}],"wp:term":[{"taxonomy":"product_model","embeddable":true,"href":"https:\/\/stmtires.com\/es\/wp-json\/wp\/v2\/product_model?post=212879"},{"taxonomy":"product_brand","embeddable":true,"href":"https:\/\/stmtires.com\/es\/wp-json\/wp\/v2\/product_brand?post=212879"},{"taxonomy":"product_cat","embeddable":true,"href":"https:\/\/stmtires.com\/es\/wp-json\/wp\/v2\/product_cat?post=212879"},{"taxonomy":"product_tag","embeddable":true,"href":"https:\/\/stmtires.com\/es\/wp-json\/wp\/v2\/product_tag?post=212879"}],"curies":[{"name":"wp","href":"https:\/\/api.w.org\/{rel}","templated":true}]}}