{"id":213383,"date":"2022-05-12T15:34:41","date_gmt":"2022-05-12T20:34:41","guid":{"rendered":"https:\/\/website.dev.stmtires.com\/shop\/no_item\/235-45r20-xl-dueler-h-p-sport-oe\/"},"modified":"2022-05-12T15:34:41","modified_gmt":"2022-05-12T20:34:41","slug":"235-45r20-xl-dueler-h-p-sport-oe-2","status":"publish","type":"product","link":"https:\/\/stmtires.com\/es\/shop\/bridgestone-es\/235-45r20-xl-dueler-h-p-sport-oe-2\/","title":{"rendered":"235\/45R20 XL DUELER H\/P SPORT OE"},"content":{"rendered":"<p>Neum\u00e1tico de verano para camiones ligeros de pasajeros \/ SUV de alto rendimiento. Equipo original en veh\u00edculos seleccionados. Tecnolog\u00eda Run Flat disponible en tama\u00f1os seleccionados.<\/p>\n","protected":false},"excerpt":{"rendered":"<p>Neum\u00e1tico de verano para camiones ligeros de pasajeros \/ SUV de alto rendimiento. Equipo original en veh\u00edculos seleccionados. Tecnolog\u00eda Run Flat disponible en tama\u00f1os seleccionados.<\/p>\n","protected":false},"featured_media":0,"comment_status":"open","ping_status":"closed","template":"","meta":{"_acf_changed":false,"subheading":[]},"product_model":[22902],"product_brand":[],"product_cat":[19264,19241,19242,25986,19287,19240,19253],"product_tag":[],"class_list":{"0":"post-213383","1":"product","2":"type-product","3":"status-publish","5":"product_model-dueler-h-p-sport-es","6":"product_cat-alto-rendimiento-hp","7":"product_cat-camion-ligero-de-pasajeros-suv","8":"product_cat-equipo-original-oe","9":"product_cat-luz-de-pasajero","10":"product_cat-servicio-de-autopistas","11":"product_cat-terreno-de-la-autopista-h-t","12":"product_cat-uncategorized","13":"pa_tire-size-235-45r20-es","15":"first","16":"instock","17":"shipping-taxable","18":"purchasable","19":"product-type-simple"},"acf":[],"_links":{"self":[{"href":"https:\/\/stmtires.com\/es\/wp-json\/wp\/v2\/product\/213383","targetHints":{"allow":["GET"]}}],"collection":[{"href":"https:\/\/stmtires.com\/es\/wp-json\/wp\/v2\/product"}],"about":[{"href":"https:\/\/stmtires.com\/es\/wp-json\/wp\/v2\/types\/product"}],"replies":[{"embeddable":true,"href":"https:\/\/stmtires.com\/es\/wp-json\/wp\/v2\/comments?post=213383"}],"wp:attachment":[{"href":"https:\/\/stmtires.com\/es\/wp-json\/wp\/v2\/media?parent=213383"}],"wp:term":[{"taxonomy":"product_model","embeddable":true,"href":"https:\/\/stmtires.com\/es\/wp-json\/wp\/v2\/product_model?post=213383"},{"taxonomy":"product_brand","embeddable":true,"href":"https:\/\/stmtires.com\/es\/wp-json\/wp\/v2\/product_brand?post=213383"},{"taxonomy":"product_cat","embeddable":true,"href":"https:\/\/stmtires.com\/es\/wp-json\/wp\/v2\/product_cat?post=213383"},{"taxonomy":"product_tag","embeddable":true,"href":"https:\/\/stmtires.com\/es\/wp-json\/wp\/v2\/product_tag?post=213383"}],"curies":[{"name":"wp","href":"https:\/\/api.w.org\/{rel}","templated":true}]}}