{"id":213726,"date":"2022-05-12T16:09:09","date_gmt":"2022-05-12T21:09:09","guid":{"rendered":"https:\/\/website.dev.stmtires.com\/shop\/no_item\/235-45r17-potenza-re050a-moe\/"},"modified":"2022-05-12T16:09:09","modified_gmt":"2022-05-12T21:09:09","slug":"235-45r17-potenza-re050a-moe-2","status":"publish","type":"product","link":"https:\/\/stmtires.com\/es\/shop\/bridgestone-es\/235-45r17-potenza-re050a-moe-2\/","title":{"rendered":"235\/45R17 POTENZA RE050A MOE"},"content":{"rendered":"<p>Neum\u00e1tico de coche de pasajeros Summer Performance. Equipo original en muchos veh\u00edculos de alto rendimiento. Tecnolog\u00eda Run Flat (RFT) disponible en Tama\u00f1os seleccionados.<\/p>\n","protected":false},"excerpt":{"rendered":"<p>Neum\u00e1tico de coche de pasajeros Summer Performance. Equipo original en muchos veh\u00edculos de alto rendimiento. Tecnolog\u00eda Run Flat (RFT) disponible en Tama\u00f1os seleccionados.<\/p>\n","protected":false},"featured_media":0,"comment_status":"open","ping_status":"closed","template":"","meta":{"_acf_changed":false,"subheading":[]},"product_model":[22957],"product_brand":[],"product_cat":[19264,19271,19242,19253],"product_tag":[],"class_list":{"0":"post-213726","1":"product","2":"type-product","3":"status-publish","5":"product_model-potenza-re050a-rft-moe-ii-es","6":"product_cat-alto-rendimiento-hp","7":"product_cat-corre-plano","8":"product_cat-equipo-original-oe","9":"product_cat-uncategorized","10":"pa_tire-size-235-45r17-es","12":"first","13":"instock","14":"shipping-taxable","15":"purchasable","16":"product-type-simple"},"acf":[],"_links":{"self":[{"href":"https:\/\/stmtires.com\/es\/wp-json\/wp\/v2\/product\/213726","targetHints":{"allow":["GET"]}}],"collection":[{"href":"https:\/\/stmtires.com\/es\/wp-json\/wp\/v2\/product"}],"about":[{"href":"https:\/\/stmtires.com\/es\/wp-json\/wp\/v2\/types\/product"}],"replies":[{"embeddable":true,"href":"https:\/\/stmtires.com\/es\/wp-json\/wp\/v2\/comments?post=213726"}],"wp:attachment":[{"href":"https:\/\/stmtires.com\/es\/wp-json\/wp\/v2\/media?parent=213726"}],"wp:term":[{"taxonomy":"product_model","embeddable":true,"href":"https:\/\/stmtires.com\/es\/wp-json\/wp\/v2\/product_model?post=213726"},{"taxonomy":"product_brand","embeddable":true,"href":"https:\/\/stmtires.com\/es\/wp-json\/wp\/v2\/product_brand?post=213726"},{"taxonomy":"product_cat","embeddable":true,"href":"https:\/\/stmtires.com\/es\/wp-json\/wp\/v2\/product_cat?post=213726"},{"taxonomy":"product_tag","embeddable":true,"href":"https:\/\/stmtires.com\/es\/wp-json\/wp\/v2\/product_tag?post=213726"}],"curies":[{"name":"wp","href":"https:\/\/api.w.org\/{rel}","templated":true}]}}