{"id":213842,"date":"2022-05-12T18:12:19","date_gmt":"2022-05-12T23:12:19","guid":{"rendered":"https:\/\/website.dev.stmtires.com\/shop\/no_item\/225-40r18-xl-avid-s34nv\/"},"modified":"2022-05-12T18:12:19","modified_gmt":"2022-05-12T23:12:19","slug":"225-40r18-xl-avid-s34nv-2","status":"publish","type":"product","link":"https:\/\/stmtires.com\/es\/shop\/yokohama\/225-40r18-xl-avid-s34nv-2\/","title":{"rendered":"225\/40R18 XL AVID S34NV"},"content":{"rendered":"<p>Neum\u00e1tico de autom\u00f3vil de pasajeros de alto rendimiento para todas las estaciones. Equipo original en veh\u00edculos seleccionados.<\/p>\n","protected":false},"excerpt":{"rendered":"<p>Neum\u00e1tico de autom\u00f3vil de pasajeros de alto rendimiento para todas las estaciones. Equipo original en veh\u00edculos seleccionados.<\/p>\n","protected":false},"featured_media":222154,"comment_status":"open","ping_status":"closed","template":"","meta":{"_acf_changed":false,"subheading":[]},"product_model":[25923],"product_brand":[54],"product_cat":[19264,19242,16244,19253],"product_tag":[],"class_list":{"0":"post-213842","1":"product","2":"type-product","3":"status-publish","4":"has-post-thumbnail","6":"product_model-avid-s34nv-es","7":"product_brand-yokohama","8":"product_cat-alto-rendimiento-hp","9":"product_cat-equipo-original-oe","10":"product_cat-original-equipment-oe","11":"product_cat-uncategorized","12":"pa_tire-size-225-40r18-es","14":"first","15":"instock","16":"shipping-taxable","17":"purchasable","18":"product-type-simple"},"acf":[],"_links":{"self":[{"href":"https:\/\/stmtires.com\/es\/wp-json\/wp\/v2\/product\/213842","targetHints":{"allow":["GET"]}}],"collection":[{"href":"https:\/\/stmtires.com\/es\/wp-json\/wp\/v2\/product"}],"about":[{"href":"https:\/\/stmtires.com\/es\/wp-json\/wp\/v2\/types\/product"}],"replies":[{"embeddable":true,"href":"https:\/\/stmtires.com\/es\/wp-json\/wp\/v2\/comments?post=213842"}],"wp:featuredmedia":[{"embeddable":true,"href":"https:\/\/stmtires.com\/es\/wp-json\/wp\/v2\/media\/222154"}],"wp:attachment":[{"href":"https:\/\/stmtires.com\/es\/wp-json\/wp\/v2\/media?parent=213842"}],"wp:term":[{"taxonomy":"product_model","embeddable":true,"href":"https:\/\/stmtires.com\/es\/wp-json\/wp\/v2\/product_model?post=213842"},{"taxonomy":"product_brand","embeddable":true,"href":"https:\/\/stmtires.com\/es\/wp-json\/wp\/v2\/product_brand?post=213842"},{"taxonomy":"product_cat","embeddable":true,"href":"https:\/\/stmtires.com\/es\/wp-json\/wp\/v2\/product_cat?post=213842"},{"taxonomy":"product_tag","embeddable":true,"href":"https:\/\/stmtires.com\/es\/wp-json\/wp\/v2\/product_tag?post=213842"}],"curies":[{"name":"wp","href":"https:\/\/api.w.org\/{rel}","templated":true}]}}