{"id":214140,"date":"2022-05-12T16:44:31","date_gmt":"2022-05-12T21:44:31","guid":{"rendered":"https:\/\/website.dev.stmtires.com\/shop\/no_item\/225-40r18-xl-potenza-s001\/"},"modified":"2022-05-12T16:44:31","modified_gmt":"2022-05-12T21:44:31","slug":"225-40r18-xl-potenza-s001-2","status":"publish","type":"product","link":"https:\/\/stmtires.com\/es\/shop\/bridgestone-es\/225-40r18-xl-potenza-s001-2\/","title":{"rendered":"225\/40R18 XL POTENZA S001"},"content":{"rendered":"<p>Neum\u00e1tico de coche de pasajeros Summer Performance. Desarrollado como Equipo Original (OE) para Autos Deportivos Premium de Alto Rendimiento, Coup\u00e9s y Sedanes. Tecnolog\u00eda Run Flat disponible en tama\u00f1os seleccionados.<\/p>\n","protected":false},"excerpt":{"rendered":"<p>Neum\u00e1tico de coche de pasajeros Summer Performance. Desarrollado como Equipo Original (OE) para Autos Deportivos Premium de Alto Rendimiento, Coup\u00e9s y Sedanes. Tecnolog\u00eda Run Flat disponible en tama\u00f1os seleccionados.<\/p>\n","protected":false},"featured_media":0,"comment_status":"open","ping_status":"closed","template":"","meta":{"_acf_changed":false,"subheading":[]},"product_model":[22964],"product_brand":[],"product_cat":[19264,19271,19242,16295,19253],"product_tag":[],"class_list":{"0":"post-214140","1":"product","2":"type-product","3":"status-publish","5":"product_model-potenza-s001-es","6":"product_cat-alto-rendimiento-hp","7":"product_cat-corre-plano","8":"product_cat-equipo-original-oe","9":"product_cat-run-flat","10":"product_cat-uncategorized","11":"pa_tire-size-225-40r18-es","13":"first","14":"instock","15":"shipping-taxable","16":"purchasable","17":"product-type-simple"},"acf":[],"_links":{"self":[{"href":"https:\/\/stmtires.com\/es\/wp-json\/wp\/v2\/product\/214140","targetHints":{"allow":["GET"]}}],"collection":[{"href":"https:\/\/stmtires.com\/es\/wp-json\/wp\/v2\/product"}],"about":[{"href":"https:\/\/stmtires.com\/es\/wp-json\/wp\/v2\/types\/product"}],"replies":[{"embeddable":true,"href":"https:\/\/stmtires.com\/es\/wp-json\/wp\/v2\/comments?post=214140"}],"wp:attachment":[{"href":"https:\/\/stmtires.com\/es\/wp-json\/wp\/v2\/media?parent=214140"}],"wp:term":[{"taxonomy":"product_model","embeddable":true,"href":"https:\/\/stmtires.com\/es\/wp-json\/wp\/v2\/product_model?post=214140"},{"taxonomy":"product_brand","embeddable":true,"href":"https:\/\/stmtires.com\/es\/wp-json\/wp\/v2\/product_brand?post=214140"},{"taxonomy":"product_cat","embeddable":true,"href":"https:\/\/stmtires.com\/es\/wp-json\/wp\/v2\/product_cat?post=214140"},{"taxonomy":"product_tag","embeddable":true,"href":"https:\/\/stmtires.com\/es\/wp-json\/wp\/v2\/product_tag?post=214140"}],"curies":[{"name":"wp","href":"https:\/\/api.w.org\/{rel}","templated":true}]}}