{"id":214468,"date":"2022-05-12T18:11:28","date_gmt":"2022-05-12T23:11:28","guid":{"rendered":"https:\/\/website.dev.stmtires.com\/shop\/no_item\/235r25-2-rl31\/"},"modified":"2022-05-12T18:11:28","modified_gmt":"2022-05-12T23:11:28","slug":"23-5r25-2-rl31-2","status":"publish","type":"product","link":"https:\/\/stmtires.com\/es\/shop\/yokohama\/23-5r25-2-rl31-2\/","title":{"rendered":"23,5R25 2* RL31"},"content":{"rendered":"<p>Neum\u00e1tico de movimiento de tierras OTR E-3 Rock Design para uso en niveladoras y camiones de volteo articulados en las superficies rocosas de miner\u00eda m\u00e1s dif\u00edciles.<\/p>\n","protected":false},"excerpt":{"rendered":"<p>Neum\u00e1tico de movimiento de tierras OTR E-3 Rock Design para uso en niveladoras y camiones de volteo articulados en las superficies rocosas de miner\u00eda m\u00e1s dif\u00edciles.<\/p>\n","protected":false},"featured_media":0,"comment_status":"open","ping_status":"closed","template":"","meta":{"_acf_changed":false,"subheading":[]},"product_model":[25789],"product_brand":[54],"product_cat":[19313,16308,19253],"product_tag":[],"class_list":{"0":"post-214468","1":"product","2":"type-product","3":"status-publish","5":"product_model-rl31-e-3-rock-es","6":"product_brand-yokohama","7":"product_cat-mineria","8":"product_cat-mining","9":"product_cat-uncategorized","10":"pa_tire-size-235r25","12":"first","13":"instock","14":"shipping-taxable","15":"purchasable","16":"product-type-simple"},"acf":[],"_links":{"self":[{"href":"https:\/\/stmtires.com\/es\/wp-json\/wp\/v2\/product\/214468","targetHints":{"allow":["GET"]}}],"collection":[{"href":"https:\/\/stmtires.com\/es\/wp-json\/wp\/v2\/product"}],"about":[{"href":"https:\/\/stmtires.com\/es\/wp-json\/wp\/v2\/types\/product"}],"replies":[{"embeddable":true,"href":"https:\/\/stmtires.com\/es\/wp-json\/wp\/v2\/comments?post=214468"}],"wp:attachment":[{"href":"https:\/\/stmtires.com\/es\/wp-json\/wp\/v2\/media?parent=214468"}],"wp:term":[{"taxonomy":"product_model","embeddable":true,"href":"https:\/\/stmtires.com\/es\/wp-json\/wp\/v2\/product_model?post=214468"},{"taxonomy":"product_brand","embeddable":true,"href":"https:\/\/stmtires.com\/es\/wp-json\/wp\/v2\/product_brand?post=214468"},{"taxonomy":"product_cat","embeddable":true,"href":"https:\/\/stmtires.com\/es\/wp-json\/wp\/v2\/product_cat?post=214468"},{"taxonomy":"product_tag","embeddable":true,"href":"https:\/\/stmtires.com\/es\/wp-json\/wp\/v2\/product_tag?post=214468"}],"curies":[{"name":"wp","href":"https:\/\/api.w.org\/{rel}","templated":true}]}}