{"id":214559,"date":"2022-05-12T18:14:53","date_gmt":"2022-05-12T23:14:53","guid":{"rendered":"https:\/\/website.dev.stmtires.com\/shop\/no_item\/23-5-25-l-tl-y524-cpc\/"},"modified":"2022-05-12T18:14:53","modified_gmt":"2022-05-12T23:14:53","slug":"23-5-25-l-tl-y524-cpc-2","status":"publish","type":"product","link":"https:\/\/stmtires.com\/es\/shop\/yokohama\/23-5-25-l-tl-y524-cpc-2\/","title":{"rendered":"23.5-25 L TL Y524 CPC"},"content":{"rendered":"<p>OTR L-5 Loader\/Dozer Rock Extra Deep Tread Dise\u00f1ado para prosperar en el servicio de miner\u00eda y cantera m\u00e1s dif\u00edcil.<\/p>\n","protected":false},"excerpt":{"rendered":"<p>OTR L-5 Loader\/Dozer Rock Extra Deep Tread Dise\u00f1ado para prosperar en el servicio de miner\u00eda y cantera m\u00e1s dif\u00edcil.<\/p>\n","protected":false},"featured_media":0,"comment_status":"open","ping_status":"closed","template":"","meta":{"_acf_changed":false,"subheading":[]},"product_model":[22888],"product_brand":[54],"product_cat":[19304,16316,19313,19253],"product_tag":[],"class_list":{"0":"post-214559","1":"product","2":"type-product","3":"status-publish","5":"product_model-y524-es","6":"product_brand-yokohama","7":"product_cat-banda-de-rodadura-profunda","8":"product_cat-deep-tread","9":"product_cat-mineria","10":"product_cat-uncategorized","11":"pa_tire-size-235r25","13":"first","14":"instock","15":"shipping-taxable","16":"purchasable","17":"product-type-simple"},"acf":[],"_links":{"self":[{"href":"https:\/\/stmtires.com\/es\/wp-json\/wp\/v2\/product\/214559","targetHints":{"allow":["GET"]}}],"collection":[{"href":"https:\/\/stmtires.com\/es\/wp-json\/wp\/v2\/product"}],"about":[{"href":"https:\/\/stmtires.com\/es\/wp-json\/wp\/v2\/types\/product"}],"replies":[{"embeddable":true,"href":"https:\/\/stmtires.com\/es\/wp-json\/wp\/v2\/comments?post=214559"}],"wp:attachment":[{"href":"https:\/\/stmtires.com\/es\/wp-json\/wp\/v2\/media?parent=214559"}],"wp:term":[{"taxonomy":"product_model","embeddable":true,"href":"https:\/\/stmtires.com\/es\/wp-json\/wp\/v2\/product_model?post=214559"},{"taxonomy":"product_brand","embeddable":true,"href":"https:\/\/stmtires.com\/es\/wp-json\/wp\/v2\/product_brand?post=214559"},{"taxonomy":"product_cat","embeddable":true,"href":"https:\/\/stmtires.com\/es\/wp-json\/wp\/v2\/product_cat?post=214559"},{"taxonomy":"product_tag","embeddable":true,"href":"https:\/\/stmtires.com\/es\/wp-json\/wp\/v2\/product_tag?post=214559"}],"curies":[{"name":"wp","href":"https:\/\/api.w.org\/{rel}","templated":true}]}}