{"id":215007,"date":"2022-05-12T16:04:03","date_gmt":"2022-05-12T21:04:03","guid":{"rendered":"https:\/\/website.dev.stmtires.com\/shop\/no_item\/225-70r19-5-g-r250f\/"},"modified":"2022-05-12T16:04:03","modified_gmt":"2022-05-12T21:04:03","slug":"225-70r19-5-g-r250f-2","status":"publish","type":"product","link":"https:\/\/stmtires.com\/es\/shop\/bridgestone-es\/225-70r19-5-g-r250f-2\/","title":{"rendered":"225\/70R19.5 G R250F"},"content":{"rendered":"<p>Cami\u00f3n\/Autob\u00fas Comercial. Neum\u00e1tico radial de toda posici\u00f3n para cami\u00f3n de servicio mediano espec\u00edficamente recomendado para aplicaciones de servicio especial en: Servicio de transporte regional y Servicio de recogida y entrega.<\/p>\n","protected":false},"excerpt":{"rendered":"<p>Cami\u00f3n\/Autob\u00fas Comercial. Neum\u00e1tico radial de toda posici\u00f3n para cami\u00f3n de servicio mediano espec\u00edficamente recomendado para aplicaciones de servicio especial en: Servicio de transporte regional y Servicio de recogida y entrega.<\/p>\n","protected":false},"featured_media":0,"comment_status":"open","ping_status":"closed","template":"","meta":{"_acf_changed":false,"subheading":[]},"product_model":[22840],"product_brand":[],"product_cat":[19286,19289,16266,19332,19316,19253],"product_tag":[],"class_list":{"0":"post-215007","1":"product","2":"type-product","3":"status-publish","5":"product_model-r250f-es-2","6":"product_cat-camion-autobus-comercial","7":"product_cat-radial-es","8":"product_cat-regional-service","9":"product_cat-servicio-regional","10":"product_cat-todas-las-posiciones","11":"product_cat-uncategorized","12":"pa_tire-size-225-70r19-5-es","14":"first","15":"instock","16":"shipping-taxable","17":"purchasable","18":"product-type-simple"},"acf":[],"_links":{"self":[{"href":"https:\/\/stmtires.com\/es\/wp-json\/wp\/v2\/product\/215007","targetHints":{"allow":["GET"]}}],"collection":[{"href":"https:\/\/stmtires.com\/es\/wp-json\/wp\/v2\/product"}],"about":[{"href":"https:\/\/stmtires.com\/es\/wp-json\/wp\/v2\/types\/product"}],"replies":[{"embeddable":true,"href":"https:\/\/stmtires.com\/es\/wp-json\/wp\/v2\/comments?post=215007"}],"wp:attachment":[{"href":"https:\/\/stmtires.com\/es\/wp-json\/wp\/v2\/media?parent=215007"}],"wp:term":[{"taxonomy":"product_model","embeddable":true,"href":"https:\/\/stmtires.com\/es\/wp-json\/wp\/v2\/product_model?post=215007"},{"taxonomy":"product_brand","embeddable":true,"href":"https:\/\/stmtires.com\/es\/wp-json\/wp\/v2\/product_brand?post=215007"},{"taxonomy":"product_cat","embeddable":true,"href":"https:\/\/stmtires.com\/es\/wp-json\/wp\/v2\/product_cat?post=215007"},{"taxonomy":"product_tag","embeddable":true,"href":"https:\/\/stmtires.com\/es\/wp-json\/wp\/v2\/product_tag?post=215007"}],"curies":[{"name":"wp","href":"https:\/\/api.w.org\/{rel}","templated":true}]}}