{"id":215093,"date":"2022-05-12T15:00:48","date_gmt":"2022-05-12T20:00:48","guid":{"rendered":"https:\/\/website.dev.stmtires.com\/shop\/no_item\/225-70r19-5-f-m724f\/"},"modified":"2022-05-12T15:00:48","modified_gmt":"2022-05-12T20:00:48","slug":"225-70r19-5-f-m724f-2","status":"publish","type":"product","link":"https:\/\/stmtires.com\/es\/shop\/bridgestone-es\/225-70r19-5-f-m724f-2\/","title":{"rendered":"225\/70R19.5 F M724F"},"content":{"rendered":"<p>Cami\u00f3n\/Autob\u00fas Comercial. Neum\u00e1tico radial metro de servicio mediano adecuado para posiciones de direcci\u00f3n y eje motriz para veh\u00edculos de reparto, furgonetas y camiones de mudanza. Aplicaci\u00f3n ideal: Servicio local de P&amp;D.<\/p>\n","protected":false},"excerpt":{"rendered":"<p>Cami\u00f3n\/Autob\u00fas Comercial. Neum\u00e1tico radial metro de servicio mediano adecuado para posiciones de direcci\u00f3n y eje motriz para veh\u00edculos de reparto, furgonetas y camiones de mudanza. Aplicaci\u00f3n ideal: Servicio local de P&amp;D.<\/p>\n","protected":false},"featured_media":0,"comment_status":"open","ping_status":"closed","template":"","meta":{"_acf_changed":false,"subheading":[]},"product_model":[25686],"product_brand":[],"product_cat":[19286,19288,19321,19289,19287,19316],"product_tag":[],"class_list":{"0":"post-215093","1":"product","2":"type-product","3":"status-publish","5":"product_model-m724f-es","6":"product_cat-camion-autobus-comercial","7":"product_cat-conducir","8":"product_cat-conducir-es","9":"product_cat-radial-es","10":"product_cat-servicio-de-autopistas","11":"product_cat-todas-las-posiciones","12":"pa_tire-size-225-70r19-5-es","14":"first","15":"instock","16":"shipping-taxable","17":"purchasable","18":"product-type-simple"},"acf":[],"_links":{"self":[{"href":"https:\/\/stmtires.com\/es\/wp-json\/wp\/v2\/product\/215093","targetHints":{"allow":["GET"]}}],"collection":[{"href":"https:\/\/stmtires.com\/es\/wp-json\/wp\/v2\/product"}],"about":[{"href":"https:\/\/stmtires.com\/es\/wp-json\/wp\/v2\/types\/product"}],"replies":[{"embeddable":true,"href":"https:\/\/stmtires.com\/es\/wp-json\/wp\/v2\/comments?post=215093"}],"wp:attachment":[{"href":"https:\/\/stmtires.com\/es\/wp-json\/wp\/v2\/media?parent=215093"}],"wp:term":[{"taxonomy":"product_model","embeddable":true,"href":"https:\/\/stmtires.com\/es\/wp-json\/wp\/v2\/product_model?post=215093"},{"taxonomy":"product_brand","embeddable":true,"href":"https:\/\/stmtires.com\/es\/wp-json\/wp\/v2\/product_brand?post=215093"},{"taxonomy":"product_cat","embeddable":true,"href":"https:\/\/stmtires.com\/es\/wp-json\/wp\/v2\/product_cat?post=215093"},{"taxonomy":"product_tag","embeddable":true,"href":"https:\/\/stmtires.com\/es\/wp-json\/wp\/v2\/product_tag?post=215093"}],"curies":[{"name":"wp","href":"https:\/\/api.w.org\/{rel}","templated":true}]}}