{"id":215221,"date":"2022-05-12T14:44:38","date_gmt":"2022-05-12T19:44:38","guid":{"rendered":"https:\/\/website.dev.stmtires.com\/shop\/no_item\/225-70r19-5-f-doble-moneda-rlb490\/"},"modified":"2022-05-12T14:44:38","modified_gmt":"2022-05-12T19:44:38","slug":"225-70r19-5-f-doble-moneda-rlb490","status":"publish","type":"product","link":"https:\/\/stmtires.com\/es\/shop\/double-coin\/225-70r19-5-f-doble-moneda-rlb490\/","title":{"rendered":"225\/70R19.5 F DOBLE MONEDA RLB490"},"content":{"rendered":"<p>Cami\u00f3n\/Autob\u00fas Comercial. Cami\u00f3n de servicio medio De perfil bajo Posici\u00f3n de accionamiento Neum\u00e1tico multiuso.<\/p>\n","protected":false},"excerpt":{"rendered":"<p>Cami\u00f3n\/Autob\u00fas Comercial. Cami\u00f3n de servicio medio De perfil bajo Posici\u00f3n de accionamiento Neum\u00e1tico multiuso.<\/p>\n","protected":false},"featured_media":222968,"comment_status":"open","ping_status":"closed","template":"","meta":{"_acf_changed":false,"subheading":[]},"product_model":[25719],"product_brand":[103],"product_cat":[19286,16248,19288,19310,26140],"product_tag":[],"class_list":{"0":"post-215221","1":"product","2":"type-product","3":"status-publish","4":"has-post-thumbnail","6":"product_model-double-coin-rlb490-es","7":"product_brand-double-coin","8":"product_cat-camion-autobus-comercial","9":"product_cat-commercial-truck-bus","10":"product_cat-conducir","11":"product_cat-hombro-abierto","12":"product_cat-perfil-bajo","13":"pa_tire-size-225-70r19-5-es","15":"first","16":"instock","17":"shipping-taxable","18":"purchasable","19":"product-type-simple"},"acf":[],"_links":{"self":[{"href":"https:\/\/stmtires.com\/es\/wp-json\/wp\/v2\/product\/215221","targetHints":{"allow":["GET"]}}],"collection":[{"href":"https:\/\/stmtires.com\/es\/wp-json\/wp\/v2\/product"}],"about":[{"href":"https:\/\/stmtires.com\/es\/wp-json\/wp\/v2\/types\/product"}],"replies":[{"embeddable":true,"href":"https:\/\/stmtires.com\/es\/wp-json\/wp\/v2\/comments?post=215221"}],"wp:featuredmedia":[{"embeddable":true,"href":"https:\/\/stmtires.com\/es\/wp-json\/wp\/v2\/media\/222968"}],"wp:attachment":[{"href":"https:\/\/stmtires.com\/es\/wp-json\/wp\/v2\/media?parent=215221"}],"wp:term":[{"taxonomy":"product_model","embeddable":true,"href":"https:\/\/stmtires.com\/es\/wp-json\/wp\/v2\/product_model?post=215221"},{"taxonomy":"product_brand","embeddable":true,"href":"https:\/\/stmtires.com\/es\/wp-json\/wp\/v2\/product_brand?post=215221"},{"taxonomy":"product_cat","embeddable":true,"href":"https:\/\/stmtires.com\/es\/wp-json\/wp\/v2\/product_cat?post=215221"},{"taxonomy":"product_tag","embeddable":true,"href":"https:\/\/stmtires.com\/es\/wp-json\/wp\/v2\/product_tag?post=215221"}],"curies":[{"name":"wp","href":"https:\/\/api.w.org\/{rel}","templated":true}]}}