{"id":215751,"date":"2022-05-12T11:37:08","date_gmt":"2022-05-12T16:37:08","guid":{"rendered":"https:\/\/website.dev.stmtires.com\/shop\/no_item\/225-65r16-turismo-de-precision\/"},"modified":"2022-06-07T10:04:17","modified_gmt":"2022-06-07T15:04:17","slug":"225-65r16-turismo-de-precision","status":"publish","type":"product","link":"https:\/\/stmtires.com\/es\/shop\/firestone-es\/225-65r16-turismo-de-precision\/","title":{"rendered":"225\/65R16 TURISMO DE PRECISI\u00d3N"},"content":{"rendered":"<p>Neum\u00e1tico para autom\u00f3viles de pasajeros para todas las estaciones para sedanes medianos.<\/p>\n","protected":false},"excerpt":{"rendered":"<p>Neum\u00e1tico para autom\u00f3viles de pasajeros para todas las estaciones para sedanes medianos.<\/p>\n","protected":false},"featured_media":0,"comment_status":"open","ping_status":"closed","template":"","meta":{"_acf_changed":false,"subheading":[]},"product_model":[25460],"product_brand":[15736],"product_cat":[25986,19253],"product_tag":[],"class_list":{"0":"post-215751","1":"product","2":"type-product","3":"status-publish","5":"product_model-precision-touring-es","6":"product_brand-firestone-es","7":"product_cat-luz-de-pasajero","8":"product_cat-uncategorized","9":"pa_tire-size-225-65r16-es","11":"first","12":"instock","13":"shipping-taxable","14":"purchasable","15":"product-type-simple"},"acf":[],"_links":{"self":[{"href":"https:\/\/stmtires.com\/es\/wp-json\/wp\/v2\/product\/215751","targetHints":{"allow":["GET"]}}],"collection":[{"href":"https:\/\/stmtires.com\/es\/wp-json\/wp\/v2\/product"}],"about":[{"href":"https:\/\/stmtires.com\/es\/wp-json\/wp\/v2\/types\/product"}],"replies":[{"embeddable":true,"href":"https:\/\/stmtires.com\/es\/wp-json\/wp\/v2\/comments?post=215751"}],"wp:attachment":[{"href":"https:\/\/stmtires.com\/es\/wp-json\/wp\/v2\/media?parent=215751"}],"wp:term":[{"taxonomy":"product_model","embeddable":true,"href":"https:\/\/stmtires.com\/es\/wp-json\/wp\/v2\/product_model?post=215751"},{"taxonomy":"product_brand","embeddable":true,"href":"https:\/\/stmtires.com\/es\/wp-json\/wp\/v2\/product_brand?post=215751"},{"taxonomy":"product_cat","embeddable":true,"href":"https:\/\/stmtires.com\/es\/wp-json\/wp\/v2\/product_cat?post=215751"},{"taxonomy":"product_tag","embeddable":true,"href":"https:\/\/stmtires.com\/es\/wp-json\/wp\/v2\/product_tag?post=215751"}],"curies":[{"name":"wp","href":"https:\/\/api.w.org\/{rel}","templated":true}]}}