{"id":215910,"date":"2022-05-12T11:36:19","date_gmt":"2022-05-12T16:36:19","guid":{"rendered":"https:\/\/website.dev.stmtires.com\/shop\/no_item\/225-60r18-versado-lx-ii\/"},"modified":"2022-05-12T11:36:19","modified_gmt":"2022-05-12T16:36:19","slug":"225-60r18-versado-lx-ii-2","status":"publish","type":"product","link":"https:\/\/stmtires.com\/es\/shop\/toyo-es\/225-60r18-versado-lx-ii-2\/","title":{"rendered":"225\/60R18 VERSADO LX II"},"content":{"rendered":"<p>Neum\u00e1tico de turismo ecol\u00f3gico ecol\u00f3gico para autom\u00f3viles de pasajeros de alto rendimiento ideal para sedanes y cup\u00e9s de lujo.<\/p>\n","protected":false},"excerpt":{"rendered":"<p>Neum\u00e1tico de turismo ecol\u00f3gico ecol\u00f3gico para autom\u00f3viles de pasajeros de alto rendimiento ideal para sedanes y cup\u00e9s de lujo.<\/p>\n","protected":false},"featured_media":0,"comment_status":"open","ping_status":"closed","template":"","meta":{"_acf_changed":false,"subheading":[]},"product_model":[25464],"product_brand":[15760],"product_cat":[19264,16236,25986,19253],"product_tag":[],"class_list":{"0":"post-215910","1":"product","2":"type-product","3":"status-publish","5":"product_model-versado-lx-ii-es","6":"product_brand-toyo-es","7":"product_cat-alto-rendimiento-hp","8":"product_cat-high-performance-hp","9":"product_cat-luz-de-pasajero","10":"product_cat-uncategorized","11":"pa_tire-size-225-60r18-es","13":"first","14":"instock","15":"shipping-taxable","16":"purchasable","17":"product-type-simple"},"acf":[],"_links":{"self":[{"href":"https:\/\/stmtires.com\/es\/wp-json\/wp\/v2\/product\/215910","targetHints":{"allow":["GET"]}}],"collection":[{"href":"https:\/\/stmtires.com\/es\/wp-json\/wp\/v2\/product"}],"about":[{"href":"https:\/\/stmtires.com\/es\/wp-json\/wp\/v2\/types\/product"}],"replies":[{"embeddable":true,"href":"https:\/\/stmtires.com\/es\/wp-json\/wp\/v2\/comments?post=215910"}],"wp:attachment":[{"href":"https:\/\/stmtires.com\/es\/wp-json\/wp\/v2\/media?parent=215910"}],"wp:term":[{"taxonomy":"product_model","embeddable":true,"href":"https:\/\/stmtires.com\/es\/wp-json\/wp\/v2\/product_model?post=215910"},{"taxonomy":"product_brand","embeddable":true,"href":"https:\/\/stmtires.com\/es\/wp-json\/wp\/v2\/product_brand?post=215910"},{"taxonomy":"product_cat","embeddable":true,"href":"https:\/\/stmtires.com\/es\/wp-json\/wp\/v2\/product_cat?post=215910"},{"taxonomy":"product_tag","embeddable":true,"href":"https:\/\/stmtires.com\/es\/wp-json\/wp\/v2\/product_tag?post=215910"}],"curies":[{"name":"wp","href":"https:\/\/api.w.org\/{rel}","templated":true}]}}