{"id":216590,"date":"2022-05-12T14:38:40","date_gmt":"2022-05-12T19:38:40","guid":{"rendered":"https:\/\/website.dev.stmtires.com\/shop\/no_item\/225-45r18-potenza-re050a\/"},"modified":"2022-05-12T14:38:40","modified_gmt":"2022-05-12T19:38:40","slug":"225-45r18-potenza-re050a-2-2","status":"publish","type":"product","link":"https:\/\/stmtires.com\/es\/shop\/bridgestone-es\/225-45r18-potenza-re050a-2-2\/","title":{"rendered":"225\/45R18 POTENZA RE050A"},"content":{"rendered":"<p>Neum\u00e1tico de autom\u00f3vil de pasajeros de rendimiento de verano desarrollado para autom\u00f3viles deportivos de alto rendimiento, cup\u00e9s y sedanes.<\/p>\n","protected":false},"excerpt":{"rendered":"<p>Neum\u00e1tico de autom\u00f3vil de pasajeros de rendimiento de verano desarrollado para autom\u00f3viles deportivos de alto rendimiento, cup\u00e9s y sedanes.<\/p>\n","protected":false},"featured_media":0,"comment_status":"open","ping_status":"closed","template":"","meta":{"_acf_changed":false,"subheading":[]},"product_model":[22876],"product_brand":[],"product_cat":[19264,19242],"product_tag":[],"class_list":{"0":"post-216590","1":"product","2":"type-product","3":"status-publish","5":"product_model-potenza-re050a-es","6":"product_cat-alto-rendimiento-hp","7":"product_cat-equipo-original-oe","8":"pa_tire-size-225-45r18-es","10":"first","11":"instock","12":"shipping-taxable","13":"purchasable","14":"product-type-simple"},"acf":[],"_links":{"self":[{"href":"https:\/\/stmtires.com\/es\/wp-json\/wp\/v2\/product\/216590","targetHints":{"allow":["GET"]}}],"collection":[{"href":"https:\/\/stmtires.com\/es\/wp-json\/wp\/v2\/product"}],"about":[{"href":"https:\/\/stmtires.com\/es\/wp-json\/wp\/v2\/types\/product"}],"replies":[{"embeddable":true,"href":"https:\/\/stmtires.com\/es\/wp-json\/wp\/v2\/comments?post=216590"}],"wp:attachment":[{"href":"https:\/\/stmtires.com\/es\/wp-json\/wp\/v2\/media?parent=216590"}],"wp:term":[{"taxonomy":"product_model","embeddable":true,"href":"https:\/\/stmtires.com\/es\/wp-json\/wp\/v2\/product_model?post=216590"},{"taxonomy":"product_brand","embeddable":true,"href":"https:\/\/stmtires.com\/es\/wp-json\/wp\/v2\/product_brand?post=216590"},{"taxonomy":"product_cat","embeddable":true,"href":"https:\/\/stmtires.com\/es\/wp-json\/wp\/v2\/product_cat?post=216590"},{"taxonomy":"product_tag","embeddable":true,"href":"https:\/\/stmtires.com\/es\/wp-json\/wp\/v2\/product_tag?post=216590"}],"curies":[{"name":"wp","href":"https:\/\/api.w.org\/{rel}","templated":true}]}}