{"id":217302,"date":"2022-05-12T11:47:04","date_gmt":"2022-05-12T16:47:04","guid":{"rendered":"https:\/\/website.dev.stmtires.com\/shop\/no_item\/225-50zr15-proxes-rr\/"},"modified":"2022-05-12T11:47:04","modified_gmt":"2022-05-12T16:47:04","slug":"225-50zr15-proxes-rr-2","status":"publish","type":"product","link":"https:\/\/stmtires.com\/es\/shop\/toyo-es\/225-50zr15-proxes-rr-2\/","title":{"rendered":"225\/50ZR15 PROXES RR"},"content":{"rendered":"<p>Neum\u00e1tico DOT Competition Racing dise\u00f1ado para pistas secas. Ideal para carreras de carretera de la NASA, d\u00edas de pista y escuelas de conducci\u00f3n de alto rendimiento. Listo para la carrera listo para usar con una banda de rodadura profunda de 4\/32 pulgadas.<\/p>\n","protected":false},"excerpt":{"rendered":"<p>Neum\u00e1tico DOT Competition Racing dise\u00f1ado para pistas secas. Ideal para carreras de carretera de la NASA, d\u00edas de pista y escuelas de conducci\u00f3n de alto rendimiento. Listo para la carrera listo para usar con una banda de rodadura profunda de 4\/32 pulgadas.<\/p>\n","protected":false},"featured_media":0,"comment_status":"open","ping_status":"closed","template":"","meta":{"_acf_changed":false,"subheading":[]},"product_model":[25634],"product_brand":[15760],"product_cat":[19264,19304,16316,19253],"product_tag":[],"class_list":{"0":"post-217302","1":"product","2":"type-product","3":"status-publish","5":"product_model-proxes-rr-es","6":"product_brand-toyo-es","7":"product_cat-alto-rendimiento-hp","8":"product_cat-banda-de-rodadura-profunda","9":"product_cat-deep-tread","10":"product_cat-uncategorized","11":"pa_tire-size-225-50r15-es","13":"first","14":"instock","15":"shipping-taxable","16":"purchasable","17":"product-type-simple"},"acf":[],"_links":{"self":[{"href":"https:\/\/stmtires.com\/es\/wp-json\/wp\/v2\/product\/217302","targetHints":{"allow":["GET"]}}],"collection":[{"href":"https:\/\/stmtires.com\/es\/wp-json\/wp\/v2\/product"}],"about":[{"href":"https:\/\/stmtires.com\/es\/wp-json\/wp\/v2\/types\/product"}],"replies":[{"embeddable":true,"href":"https:\/\/stmtires.com\/es\/wp-json\/wp\/v2\/comments?post=217302"}],"wp:attachment":[{"href":"https:\/\/stmtires.com\/es\/wp-json\/wp\/v2\/media?parent=217302"}],"wp:term":[{"taxonomy":"product_model","embeddable":true,"href":"https:\/\/stmtires.com\/es\/wp-json\/wp\/v2\/product_model?post=217302"},{"taxonomy":"product_brand","embeddable":true,"href":"https:\/\/stmtires.com\/es\/wp-json\/wp\/v2\/product_brand?post=217302"},{"taxonomy":"product_cat","embeddable":true,"href":"https:\/\/stmtires.com\/es\/wp-json\/wp\/v2\/product_cat?post=217302"},{"taxonomy":"product_tag","embeddable":true,"href":"https:\/\/stmtires.com\/es\/wp-json\/wp\/v2\/product_tag?post=217302"}],"curies":[{"name":"wp","href":"https:\/\/api.w.org\/{rel}","templated":true}]}}