{"id":217715,"date":"2022-05-12T14:35:14","date_gmt":"2022-05-12T19:35:14","guid":{"rendered":"https:\/\/website.dev.stmtires.com\/shop\/no_item\/225-50r17-potenza-re040\/"},"modified":"2022-05-12T14:35:14","modified_gmt":"2022-05-12T19:35:14","slug":"225-50r17-potenza-re040-2","status":"publish","type":"product","link":"https:\/\/stmtires.com\/es\/shop\/bridgestone-es\/225-50r17-potenza-re040-2\/","title":{"rendered":"225\/50R17 POTENZA RE040"},"content":{"rendered":"<p>Neum\u00e1tico de coche de pasajeros Summer Performance. Neum\u00e1tico de equipo original (OE) en veh\u00edculos seleccionados. Tecnolog\u00eda Run Flat disponible en tama\u00f1os seleccionados.<\/p>\n","protected":false},"excerpt":{"rendered":"<p>Neum\u00e1tico de coche de pasajeros Summer Performance. Neum\u00e1tico de equipo original (OE) en veh\u00edculos seleccionados. Tecnolog\u00eda Run Flat disponible en tama\u00f1os seleccionados.<\/p>\n","protected":false},"featured_media":0,"comment_status":"open","ping_status":"closed","template":"","meta":{"_acf_changed":false,"subheading":[]},"product_model":[25747],"product_brand":[],"product_cat":[19271,19242,16295],"product_tag":[],"class_list":{"0":"post-217715","1":"product","2":"type-product","3":"status-publish","5":"product_model-potenza-re040-es","6":"product_cat-corre-plano","7":"product_cat-equipo-original-oe","8":"product_cat-run-flat","9":"pa_tire-size-225-50r17-es","11":"first","12":"instock","13":"shipping-taxable","14":"purchasable","15":"product-type-simple"},"acf":[],"_links":{"self":[{"href":"https:\/\/stmtires.com\/es\/wp-json\/wp\/v2\/product\/217715","targetHints":{"allow":["GET"]}}],"collection":[{"href":"https:\/\/stmtires.com\/es\/wp-json\/wp\/v2\/product"}],"about":[{"href":"https:\/\/stmtires.com\/es\/wp-json\/wp\/v2\/types\/product"}],"replies":[{"embeddable":true,"href":"https:\/\/stmtires.com\/es\/wp-json\/wp\/v2\/comments?post=217715"}],"wp:attachment":[{"href":"https:\/\/stmtires.com\/es\/wp-json\/wp\/v2\/media?parent=217715"}],"wp:term":[{"taxonomy":"product_model","embeddable":true,"href":"https:\/\/stmtires.com\/es\/wp-json\/wp\/v2\/product_model?post=217715"},{"taxonomy":"product_brand","embeddable":true,"href":"https:\/\/stmtires.com\/es\/wp-json\/wp\/v2\/product_brand?post=217715"},{"taxonomy":"product_cat","embeddable":true,"href":"https:\/\/stmtires.com\/es\/wp-json\/wp\/v2\/product_cat?post=217715"},{"taxonomy":"product_tag","embeddable":true,"href":"https:\/\/stmtires.com\/es\/wp-json\/wp\/v2\/product_tag?post=217715"}],"curies":[{"name":"wp","href":"https:\/\/api.w.org\/{rel}","templated":true}]}}