{"id":217867,"date":"2022-05-12T11:40:26","date_gmt":"2022-05-12T16:40:26","guid":{"rendered":"https:\/\/website.dev.stmtires.com\/shop\/no_item\/225-45zr17-xl-proxes-t1-sport\/"},"modified":"2022-05-12T11:40:26","modified_gmt":"2022-05-12T16:40:26","slug":"225-45zr17-xl-proxes-t1-sport-2","status":"publish","type":"product","link":"https:\/\/stmtires.com\/es\/shop\/toyo-es\/225-45zr17-xl-proxes-t1-sport-2\/","title":{"rendered":"225\/45ZR17 XL PROXES T1 SPORT"},"content":{"rendered":"<p>Neum\u00e1tico de verano para turismos de ultra alto rendimiento. Ciertos tama\u00f1os de equipo original en veh\u00edculos seleccionados.<\/p>\n","protected":false},"excerpt":{"rendered":"<p>Neum\u00e1tico de verano para turismos de ultra alto rendimiento. Ciertos tama\u00f1os de equipo original en veh\u00edculos seleccionados.<\/p>\n","protected":false},"featured_media":0,"comment_status":"open","ping_status":"closed","template":"","meta":{"_acf_changed":false,"subheading":[]},"product_model":[25562],"product_brand":[15760],"product_cat":[19264,19242,16436,19253],"product_tag":[],"class_list":{"0":"post-217867","1":"product","2":"type-product","3":"status-publish","5":"product_model-proxes-t1-sport-es","6":"product_brand-toyo-es","7":"product_cat-alto-rendimiento-hp","8":"product_cat-equipo-original-oe","9":"product_cat-rendimiento-ultra-alto-uhp","10":"product_cat-uncategorized","11":"pa_tire-size-225-45r17-es","13":"first","14":"instock","15":"shipping-taxable","16":"purchasable","17":"product-type-simple"},"acf":[],"_links":{"self":[{"href":"https:\/\/stmtires.com\/es\/wp-json\/wp\/v2\/product\/217867","targetHints":{"allow":["GET"]}}],"collection":[{"href":"https:\/\/stmtires.com\/es\/wp-json\/wp\/v2\/product"}],"about":[{"href":"https:\/\/stmtires.com\/es\/wp-json\/wp\/v2\/types\/product"}],"replies":[{"embeddable":true,"href":"https:\/\/stmtires.com\/es\/wp-json\/wp\/v2\/comments?post=217867"}],"wp:attachment":[{"href":"https:\/\/stmtires.com\/es\/wp-json\/wp\/v2\/media?parent=217867"}],"wp:term":[{"taxonomy":"product_model","embeddable":true,"href":"https:\/\/stmtires.com\/es\/wp-json\/wp\/v2\/product_model?post=217867"},{"taxonomy":"product_brand","embeddable":true,"href":"https:\/\/stmtires.com\/es\/wp-json\/wp\/v2\/product_brand?post=217867"},{"taxonomy":"product_cat","embeddable":true,"href":"https:\/\/stmtires.com\/es\/wp-json\/wp\/v2\/product_cat?post=217867"},{"taxonomy":"product_tag","embeddable":true,"href":"https:\/\/stmtires.com\/es\/wp-json\/wp\/v2\/product_tag?post=217867"}],"curies":[{"name":"wp","href":"https:\/\/api.w.org\/{rel}","templated":true}]}}