{"id":219590,"date":"2022-06-21T16:01:57","date_gmt":"2022-06-21T21:01:57","guid":{"rendered":"https:\/\/website.dev.stmtires.com\/shop\/no_item\/425-65r22-5-l-tl-m320-wb\/"},"modified":"2022-07-20T21:02:13","modified_gmt":"2022-07-21T02:02:13","slug":"425-65r22-5-l-tl-m320-wb-2","status":"publish","type":"product","link":"https:\/\/stmtires.com\/es\/shop\/toyo-es\/425-65r22-5-l-tl-m320-wb-2\/","title":{"rendered":"425\/65R22.5 L TL M320 WB"},"content":{"rendered":"<p>Cami\u00f3n\/Autob\u00fas Comercial. Neum\u00e1tico de direcci\u00f3n radial de base ancha de servicio medio \/ pesado en \/ todoterreno construido para m\u00faltiples aplicaciones en los entornos m\u00e1s exigentes de alta tracci\u00f3n y alto par. Dise\u00f1ado para tala, miner\u00eda, hormigoneras y camiones de basura.<\/p>\n","protected":false},"excerpt":{"rendered":"<p>Cami\u00f3n\/Autob\u00fas Comercial. Neum\u00e1tico de direcci\u00f3n radial de base ancha de servicio medio \/ pesado en \/ todoterreno construido para m\u00faltiples aplicaciones en los entornos m\u00e1s exigentes de alta tracci\u00f3n y alto par. Dise\u00f1ado para tala, miner\u00eda, hormigoneras y camiones de basura.<\/p>\n","protected":false},"featured_media":226900,"comment_status":"open","ping_status":"closed","template":"","meta":{"_acf_changed":false,"subheading":[]},"product_model":[25677],"product_brand":[15760],"product_cat":[19286,19321,19313,19289],"product_tag":[],"class_list":{"0":"post-219590","1":"product","2":"type-product","3":"status-publish","4":"has-post-thumbnail","6":"product_model-m320-wb-es","7":"product_brand-toyo-es","8":"product_cat-camion-autobus-comercial","9":"product_cat-conducir-es","10":"product_cat-mineria","11":"product_cat-radial-es","12":"pa_tire-size-425-65r22-5-es","14":"first","15":"instock","16":"shipping-taxable","17":"purchasable","18":"product-type-simple"},"acf":[],"_links":{"self":[{"href":"https:\/\/stmtires.com\/es\/wp-json\/wp\/v2\/product\/219590","targetHints":{"allow":["GET"]}}],"collection":[{"href":"https:\/\/stmtires.com\/es\/wp-json\/wp\/v2\/product"}],"about":[{"href":"https:\/\/stmtires.com\/es\/wp-json\/wp\/v2\/types\/product"}],"replies":[{"embeddable":true,"href":"https:\/\/stmtires.com\/es\/wp-json\/wp\/v2\/comments?post=219590"}],"wp:featuredmedia":[{"embeddable":true,"href":"https:\/\/stmtires.com\/es\/wp-json\/wp\/v2\/media\/226900"}],"wp:attachment":[{"href":"https:\/\/stmtires.com\/es\/wp-json\/wp\/v2\/media?parent=219590"}],"wp:term":[{"taxonomy":"product_model","embeddable":true,"href":"https:\/\/stmtires.com\/es\/wp-json\/wp\/v2\/product_model?post=219590"},{"taxonomy":"product_brand","embeddable":true,"href":"https:\/\/stmtires.com\/es\/wp-json\/wp\/v2\/product_brand?post=219590"},{"taxonomy":"product_cat","embeddable":true,"href":"https:\/\/stmtires.com\/es\/wp-json\/wp\/v2\/product_cat?post=219590"},{"taxonomy":"product_tag","embeddable":true,"href":"https:\/\/stmtires.com\/es\/wp-json\/wp\/v2\/product_tag?post=219590"}],"curies":[{"name":"wp","href":"https:\/\/api.w.org\/{rel}","templated":true}]}}