{"id":248439,"date":"2022-09-26T01:02:09","date_gmt":"2022-09-26T06:02:09","guid":{"rendered":"https:\/\/website.dev.stmtires.com\/shop\/no_item\/10-22-5-sesgo-de-costilla-intertransito\/"},"modified":"2022-09-26T17:06:17","modified_gmt":"2022-09-26T22:06:17","slug":"10-22-5-intertransit-rib-bias","status":"publish","type":"product","link":"https:\/\/stmtires.com\/es\/shop\/bandag-es\/10-22-5-intertransit-rib-bias\/","title":{"rendered":"10-22.5 SESGO DE COSTILLA INTERTR\u00c1NSITO"},"content":{"rendered":"<p>Neum\u00e1tico recauchutado. Cami\u00f3n\/Autob\u00fas Comercial. Neum\u00e1tico especial de sesgo de cami\u00f3n de servicio mediano adecuado para aplicaciones intermodales. Configuraci\u00f3n &#8211; T\u00e1ndem.<\/p>\n","protected":false},"excerpt":{"rendered":"<p>Neum\u00e1tico recauchutado. Cami\u00f3n\/Autob\u00fas Comercial. Neum\u00e1tico especial de sesgo de cami\u00f3n de servicio mediano adecuado para aplicaciones intermodales. Configuraci\u00f3n &#8211; T\u00e1ndem.<\/p>\n","protected":false},"featured_media":227022,"comment_status":"open","ping_status":"closed","template":"","meta":{"_acf_changed":false,"subheading":[]},"product_model":[22687],"product_brand":[16048],"product_cat":[19286,26127,19355],"product_tag":[],"class_list":{"0":"post-248439","1":"product","2":"type-product","3":"status-publish","4":"has-post-thumbnail","6":"product_model-intertransit-rib-bias-es-2","7":"product_brand-bandag-es","8":"product_cat-camion-autobus-comercial","9":"product_cat-neumatico-recauchutado","10":"product_cat-predisposicion","11":"pa_tire-size-10r22-5-es","13":"first","14":"instock","15":"shipping-taxable","16":"purchasable","17":"product-type-simple"},"acf":[],"_links":{"self":[{"href":"https:\/\/stmtires.com\/es\/wp-json\/wp\/v2\/product\/248439","targetHints":{"allow":["GET"]}}],"collection":[{"href":"https:\/\/stmtires.com\/es\/wp-json\/wp\/v2\/product"}],"about":[{"href":"https:\/\/stmtires.com\/es\/wp-json\/wp\/v2\/types\/product"}],"replies":[{"embeddable":true,"href":"https:\/\/stmtires.com\/es\/wp-json\/wp\/v2\/comments?post=248439"}],"wp:featuredmedia":[{"embeddable":true,"href":"https:\/\/stmtires.com\/es\/wp-json\/wp\/v2\/media\/227022"}],"wp:attachment":[{"href":"https:\/\/stmtires.com\/es\/wp-json\/wp\/v2\/media?parent=248439"}],"wp:term":[{"taxonomy":"product_model","embeddable":true,"href":"https:\/\/stmtires.com\/es\/wp-json\/wp\/v2\/product_model?post=248439"},{"taxonomy":"product_brand","embeddable":true,"href":"https:\/\/stmtires.com\/es\/wp-json\/wp\/v2\/product_brand?post=248439"},{"taxonomy":"product_cat","embeddable":true,"href":"https:\/\/stmtires.com\/es\/wp-json\/wp\/v2\/product_cat?post=248439"},{"taxonomy":"product_tag","embeddable":true,"href":"https:\/\/stmtires.com\/es\/wp-json\/wp\/v2\/product_tag?post=248439"}],"curies":[{"name":"wp","href":"https:\/\/api.w.org\/{rel}","templated":true}]}}