{"id":248440,"date":"2022-09-26T01:52:04","date_gmt":"2022-09-26T06:52:04","guid":{"rendered":"https:\/\/website.dev.stmtires.com\/shop\/no_item\/10-22-5-isr\/"},"modified":"2022-09-26T17:07:36","modified_gmt":"2022-09-26T22:07:36","slug":"10-22-5-isr","status":"publish","type":"product","link":"https:\/\/stmtires.com\/es\/shop\/bandag-es\/10-22-5-isr\/","title":{"rendered":"10-22.5 ISR"},"content":{"rendered":"<p>Neum\u00e1tico recauchutado. Cami\u00f3n\/Autob\u00fas Comercial. Neum\u00e1tico de cami\u00f3n de servicio mediano adecuado para aplicaciones especiales. Configuraci\u00f3n &#8211; Switcher, Radial &amp; Bias.<\/p>\n","protected":false},"excerpt":{"rendered":"<p>Neum\u00e1tico recauchutado. Cami\u00f3n\/Autob\u00fas Comercial. Neum\u00e1tico de cami\u00f3n de servicio mediano adecuado para aplicaciones especiales. Configuraci\u00f3n &#8211; Switcher, Radial &amp; Bias.<\/p>\n","protected":false},"featured_media":227214,"comment_status":"open","ping_status":"closed","template":"","meta":{"_acf_changed":false,"subheading":[]},"product_model":[22691],"product_brand":[16048],"product_cat":[19286,26127,19355,19289],"product_tag":[],"class_list":{"0":"post-248440","1":"product","2":"type-product","3":"status-publish","4":"has-post-thumbnail","6":"product_model-isr-es-2","7":"product_brand-bandag-es","8":"product_cat-camion-autobus-comercial","9":"product_cat-neumatico-recauchutado","10":"product_cat-predisposicion","11":"product_cat-radial-es","12":"pa_tire-size-10r22-5-es","14":"first","15":"instock","16":"shipping-taxable","17":"purchasable","18":"product-type-simple"},"acf":[],"_links":{"self":[{"href":"https:\/\/stmtires.com\/es\/wp-json\/wp\/v2\/product\/248440","targetHints":{"allow":["GET"]}}],"collection":[{"href":"https:\/\/stmtires.com\/es\/wp-json\/wp\/v2\/product"}],"about":[{"href":"https:\/\/stmtires.com\/es\/wp-json\/wp\/v2\/types\/product"}],"replies":[{"embeddable":true,"href":"https:\/\/stmtires.com\/es\/wp-json\/wp\/v2\/comments?post=248440"}],"wp:featuredmedia":[{"embeddable":true,"href":"https:\/\/stmtires.com\/es\/wp-json\/wp\/v2\/media\/227214"}],"wp:attachment":[{"href":"https:\/\/stmtires.com\/es\/wp-json\/wp\/v2\/media?parent=248440"}],"wp:term":[{"taxonomy":"product_model","embeddable":true,"href":"https:\/\/stmtires.com\/es\/wp-json\/wp\/v2\/product_model?post=248440"},{"taxonomy":"product_brand","embeddable":true,"href":"https:\/\/stmtires.com\/es\/wp-json\/wp\/v2\/product_brand?post=248440"},{"taxonomy":"product_cat","embeddable":true,"href":"https:\/\/stmtires.com\/es\/wp-json\/wp\/v2\/product_cat?post=248440"},{"taxonomy":"product_tag","embeddable":true,"href":"https:\/\/stmtires.com\/es\/wp-json\/wp\/v2\/product_tag?post=248440"}],"curies":[{"name":"wp","href":"https:\/\/api.w.org\/{rel}","templated":true}]}}