{"id":248441,"date":"2022-09-26T01:44:40","date_gmt":"2022-09-26T06:44:40","guid":{"rendered":"https:\/\/website.dev.stmtires.com\/shop\/no_item\/10-22-5-registrador-de-lug\/"},"modified":"2022-09-26T01:44:40","modified_gmt":"2022-09-26T06:44:40","slug":"10-22-5-lug-logger-2","status":"publish","type":"product","link":"https:\/\/stmtires.com\/es\/shop\/bandag-es\/10-22-5-lug-logger-2\/","title":{"rendered":"10-22.5 REGISTRADOR DE LUG"},"content":{"rendered":"<p>Neum\u00e1tico recauchutado. Cami\u00f3n\/Autob\u00fas Comercial. Neum\u00e1tico de accionamiento de cami\u00f3n de servicio mediano \/ pesado adecuado para aplicaciones de servicio severo. Configuraci\u00f3n &#8211; Single, Tandem &#8211; Radial &amp; Bias.<\/p>\n","protected":false},"excerpt":{"rendered":"<p>Neum\u00e1tico recauchutado. Cami\u00f3n\/Autob\u00fas Comercial. Neum\u00e1tico de accionamiento de cami\u00f3n de servicio mediano \/ pesado adecuado para aplicaciones de servicio severo. Configuraci\u00f3n &#8211; Single, Tandem &#8211; Radial &amp; Bias.<\/p>\n","protected":false},"featured_media":227068,"comment_status":"open","ping_status":"closed","template":"","meta":{"_acf_changed":false,"subheading":[]},"product_model":[22631],"product_brand":[16048],"product_cat":[19286,19288,26127,19355,19289],"product_tag":[],"class_list":{"0":"post-248441","1":"product","2":"type-product","3":"status-publish","4":"has-post-thumbnail","6":"product_model-lug-logger-es-2","7":"product_brand-bandag-es","8":"product_cat-camion-autobus-comercial","9":"product_cat-conducir","10":"product_cat-neumatico-recauchutado","11":"product_cat-predisposicion","12":"product_cat-radial-es","13":"pa_tire-size-10r22-5-es","15":"first","16":"instock","17":"shipping-taxable","18":"purchasable","19":"product-type-simple"},"acf":[],"_links":{"self":[{"href":"https:\/\/stmtires.com\/es\/wp-json\/wp\/v2\/product\/248441","targetHints":{"allow":["GET"]}}],"collection":[{"href":"https:\/\/stmtires.com\/es\/wp-json\/wp\/v2\/product"}],"about":[{"href":"https:\/\/stmtires.com\/es\/wp-json\/wp\/v2\/types\/product"}],"replies":[{"embeddable":true,"href":"https:\/\/stmtires.com\/es\/wp-json\/wp\/v2\/comments?post=248441"}],"wp:featuredmedia":[{"embeddable":true,"href":"https:\/\/stmtires.com\/es\/wp-json\/wp\/v2\/media\/227068"}],"wp:attachment":[{"href":"https:\/\/stmtires.com\/es\/wp-json\/wp\/v2\/media?parent=248441"}],"wp:term":[{"taxonomy":"product_model","embeddable":true,"href":"https:\/\/stmtires.com\/es\/wp-json\/wp\/v2\/product_model?post=248441"},{"taxonomy":"product_brand","embeddable":true,"href":"https:\/\/stmtires.com\/es\/wp-json\/wp\/v2\/product_brand?post=248441"},{"taxonomy":"product_cat","embeddable":true,"href":"https:\/\/stmtires.com\/es\/wp-json\/wp\/v2\/product_cat?post=248441"},{"taxonomy":"product_tag","embeddable":true,"href":"https:\/\/stmtires.com\/es\/wp-json\/wp\/v2\/product_tag?post=248441"}],"curies":[{"name":"wp","href":"https:\/\/api.w.org\/{rel}","templated":true}]}}