{"id":248443,"date":"2022-09-25T22:56:12","date_gmt":"2022-09-26T03:56:12","guid":{"rendered":"https:\/\/website.dev.stmtires.com\/shop\/no_item\/10-0-75-15-3-d-tt-como-agricultor\/"},"modified":"2022-09-25T22:56:12","modified_gmt":"2022-09-26T03:56:12","slug":"10-0-75-15-3-d-tt-como-agricultor","status":"publish","type":"product","link":"https:\/\/stmtires.com\/es\/shop\/continental-es\/10-0-75-15-3-d-tt-como-agricultor\/","title":{"rendered":"10.0\/75-15.3 D TT COMO AGRICULTOR"},"content":{"rendered":"<p>Neum\u00e1tico agr\u00edcola Cross-Ply para tractores. Vers\u00e1til y adecuado para diferentes usos agr\u00edcolas, particularmente en terrenos secos.<\/p>\n","protected":false},"excerpt":{"rendered":"<p>Neum\u00e1tico agr\u00edcola Cross-Ply para tractores. Vers\u00e1til y adecuado para diferentes usos agr\u00edcolas, particularmente en terrenos secos.<\/p>\n","protected":false},"featured_media":226519,"comment_status":"open","ping_status":"closed","template":"","meta":{"_acf_changed":false,"subheading":[]},"product_model":[22487],"product_brand":[15742],"product_cat":[26128,26129],"product_tag":[],"class_list":{"0":"post-248443","1":"product","2":"type-product","3":"status-publish","4":"has-post-thumbnail","6":"product_model-as-farmer-es-2","7":"product_brand-continental-es","8":"product_cat-agricola","9":"product_cat-tractor-es","10":"pa_tire-size-10r15-3-es","12":"first","13":"instock","14":"shipping-taxable","15":"purchasable","16":"product-type-simple"},"acf":[],"_links":{"self":[{"href":"https:\/\/stmtires.com\/es\/wp-json\/wp\/v2\/product\/248443","targetHints":{"allow":["GET"]}}],"collection":[{"href":"https:\/\/stmtires.com\/es\/wp-json\/wp\/v2\/product"}],"about":[{"href":"https:\/\/stmtires.com\/es\/wp-json\/wp\/v2\/types\/product"}],"replies":[{"embeddable":true,"href":"https:\/\/stmtires.com\/es\/wp-json\/wp\/v2\/comments?post=248443"}],"wp:featuredmedia":[{"embeddable":true,"href":"https:\/\/stmtires.com\/es\/wp-json\/wp\/v2\/media\/226519"}],"wp:attachment":[{"href":"https:\/\/stmtires.com\/es\/wp-json\/wp\/v2\/media?parent=248443"}],"wp:term":[{"taxonomy":"product_model","embeddable":true,"href":"https:\/\/stmtires.com\/es\/wp-json\/wp\/v2\/product_model?post=248443"},{"taxonomy":"product_brand","embeddable":true,"href":"https:\/\/stmtires.com\/es\/wp-json\/wp\/v2\/product_brand?post=248443"},{"taxonomy":"product_cat","embeddable":true,"href":"https:\/\/stmtires.com\/es\/wp-json\/wp\/v2\/product_cat?post=248443"},{"taxonomy":"product_tag","embeddable":true,"href":"https:\/\/stmtires.com\/es\/wp-json\/wp\/v2\/product_tag?post=248443"}],"curies":[{"name":"wp","href":"https:\/\/api.w.org\/{rel}","templated":true}]}}