{"id":248446,"date":"2022-09-25T19:18:22","date_gmt":"2022-09-26T00:18:22","guid":{"rendered":"https:\/\/website.dev.stmtires.com\/shop\/no_item\/10-00-15-d-tl-neumatico-de-granja-i-1\/"},"modified":"2025-08-28T20:00:38","modified_gmt":"2025-08-29T01:00:38","slug":"10-00-15-d-tl-farm-tire-i-1","status":"publish","type":"product","link":"https:\/\/stmtires.com\/es\/shop\/firestone-es\/10-00-15-d-tl-farm-tire-i-1\/","title":{"rendered":"10.00-15 D TL NEUM\u00c1TICO DE GRANJA I-1"},"content":{"rendered":"<p>Neum\u00e1tico de implemento acanalado de sesgo agr\u00edcola I-1 dise\u00f1ado para ruedas rodantes libres en vagones y remolques.<\/p>\n","protected":false},"excerpt":{"rendered":"<p>Neum\u00e1tico de implemento acanalado de sesgo agr\u00edcola I-1 dise\u00f1ado para ruedas rodantes libres en vagones y remolques.<\/p>\n","protected":false},"featured_media":226267,"comment_status":"open","ping_status":"closed","template":"","meta":{"_acf_changed":false,"subheading":[]},"product_model":[22445],"product_brand":[15736],"product_cat":[26128,19324,26130,19355],"product_tag":[],"class_list":{"0":"post-248446","1":"product","2":"type-product","3":"status-publish","4":"has-post-thumbnail","6":"product_model-farm-tire-i-1-es-2","7":"product_brand-firestone-es","8":"product_cat-agricola","9":"product_cat-costilla","10":"product_cat-instrumento","11":"product_cat-predisposicion","12":"pa_tire-size-10r15-es","14":"first","15":"instock","16":"shipping-taxable","17":"purchasable","18":"product-type-simple"},"acf":[],"_links":{"self":[{"href":"https:\/\/stmtires.com\/es\/wp-json\/wp\/v2\/product\/248446","targetHints":{"allow":["GET"]}}],"collection":[{"href":"https:\/\/stmtires.com\/es\/wp-json\/wp\/v2\/product"}],"about":[{"href":"https:\/\/stmtires.com\/es\/wp-json\/wp\/v2\/types\/product"}],"replies":[{"embeddable":true,"href":"https:\/\/stmtires.com\/es\/wp-json\/wp\/v2\/comments?post=248446"}],"wp:featuredmedia":[{"embeddable":true,"href":"https:\/\/stmtires.com\/es\/wp-json\/wp\/v2\/media\/226267"}],"wp:attachment":[{"href":"https:\/\/stmtires.com\/es\/wp-json\/wp\/v2\/media?parent=248446"}],"wp:term":[{"taxonomy":"product_model","embeddable":true,"href":"https:\/\/stmtires.com\/es\/wp-json\/wp\/v2\/product_model?post=248446"},{"taxonomy":"product_brand","embeddable":true,"href":"https:\/\/stmtires.com\/es\/wp-json\/wp\/v2\/product_brand?post=248446"},{"taxonomy":"product_cat","embeddable":true,"href":"https:\/\/stmtires.com\/es\/wp-json\/wp\/v2\/product_cat?post=248446"},{"taxonomy":"product_tag","embeddable":true,"href":"https:\/\/stmtires.com\/es\/wp-json\/wp\/v2\/product_tag?post=248446"}],"curies":[{"name":"wp","href":"https:\/\/api.w.org\/{rel}","templated":true}]}}