{"id":248449,"date":"2022-09-26T02:38:08","date_gmt":"2022-09-26T07:38:08","guid":{"rendered":"https:\/\/website.dev.stmtires.com\/shop\/no_item\/10-00-15-n-tt-drillmaster\/"},"modified":"2022-09-26T02:38:08","modified_gmt":"2022-09-26T07:38:08","slug":"10-00-15-n-tt-drillmaster-2","status":"publish","type":"product","link":"https:\/\/stmtires.com\/es\/shop\/continental-es\/10-00-15-n-tt-drillmaster-2\/","title":{"rendered":"10.00-15 N TT DRILLMASTER"},"content":{"rendered":"<p>Neum\u00e1tico de miner\u00eda Bias Ply OTR para equipos de perforaci\u00f3n, escaladores o pernos.<\/p>\n","protected":false},"excerpt":{"rendered":"<p>Neum\u00e1tico de miner\u00eda Bias Ply OTR para equipos de perforaci\u00f3n, escaladores o pernos.<\/p>\n","protected":false},"featured_media":226693,"comment_status":"open","ping_status":"closed","template":"","meta":{"_acf_changed":false,"subheading":[]},"product_model":[22746],"product_brand":[15742],"product_cat":[19288,19313,19355,19323],"product_tag":[],"class_list":{"0":"post-248449","1":"product","2":"type-product","3":"status-publish","4":"has-post-thumbnail","6":"product_model-drillmaster-es-2","7":"product_brand-continental-es","8":"product_cat-conducir","9":"product_cat-mineria","10":"product_cat-predisposicion","11":"product_cat-smartway-en-ingles","12":"pa_tire-size-10r15-es","14":"first","15":"instock","16":"shipping-taxable","17":"purchasable","18":"product-type-simple"},"acf":[],"_links":{"self":[{"href":"https:\/\/stmtires.com\/es\/wp-json\/wp\/v2\/product\/248449","targetHints":{"allow":["GET"]}}],"collection":[{"href":"https:\/\/stmtires.com\/es\/wp-json\/wp\/v2\/product"}],"about":[{"href":"https:\/\/stmtires.com\/es\/wp-json\/wp\/v2\/types\/product"}],"replies":[{"embeddable":true,"href":"https:\/\/stmtires.com\/es\/wp-json\/wp\/v2\/comments?post=248449"}],"wp:featuredmedia":[{"embeddable":true,"href":"https:\/\/stmtires.com\/es\/wp-json\/wp\/v2\/media\/226693"}],"wp:attachment":[{"href":"https:\/\/stmtires.com\/es\/wp-json\/wp\/v2\/media?parent=248449"}],"wp:term":[{"taxonomy":"product_model","embeddable":true,"href":"https:\/\/stmtires.com\/es\/wp-json\/wp\/v2\/product_model?post=248449"},{"taxonomy":"product_brand","embeddable":true,"href":"https:\/\/stmtires.com\/es\/wp-json\/wp\/v2\/product_brand?post=248449"},{"taxonomy":"product_cat","embeddable":true,"href":"https:\/\/stmtires.com\/es\/wp-json\/wp\/v2\/product_cat?post=248449"},{"taxonomy":"product_tag","embeddable":true,"href":"https:\/\/stmtires.com\/es\/wp-json\/wp\/v2\/product_tag?post=248449"}],"curies":[{"name":"wp","href":"https:\/\/api.w.org\/{rel}","templated":true}]}}