{"id":248451,"date":"2022-09-26T01:06:10","date_gmt":"2022-09-26T06:06:10","guid":{"rendered":"https:\/\/website.dev.stmtires.com\/shop\/no_item\/10-00-16-d-champion-guide-grip-4-rib-stubble-stomper-f-2\/"},"modified":"2022-09-26T01:06:10","modified_gmt":"2022-09-26T06:06:10","slug":"10-00-16-d-champion-guide-grip-4-rib-stubble-stomper-f-2-2","status":"publish","type":"product","link":"https:\/\/stmtires.com\/es\/shop\/firestone-es\/10-00-16-d-champion-guide-grip-4-rib-stubble-stomper-f-2-2\/","title":{"rendered":"10.00-16 D CHAMPION GUIDE GRIP 4-RIB STUBBLE STOMPER F-2"},"content":{"rendered":"<p>Neum\u00e1tico agr\u00edcola F-2 para trabajos agr\u00edcolas generales.<\/p>\n","protected":false},"excerpt":{"rendered":"<p>Neum\u00e1tico agr\u00edcola F-2 para trabajos agr\u00edcolas generales.<\/p>\n","protected":false},"featured_media":224513,"comment_status":"open","ping_status":"closed","template":"","meta":{"_acf_changed":false,"subheading":[]},"product_model":[22402],"product_brand":[15736],"product_cat":[26128,19241,26135,25986],"product_tag":[],"class_list":{"0":"post-248451","1":"product","2":"type-product","3":"status-publish","4":"has-post-thumbnail","6":"product_model-champion-guide-grip-4-rib-stubble-stomper-f-2-es-2","7":"product_brand-firestone-es","8":"product_cat-agricola","9":"product_cat-camion-ligero-de-pasajeros-suv","10":"product_cat-granja","11":"product_cat-luz-de-pasajero","12":"pa_tire-size-10r16-es","14":"first","15":"instock","16":"shipping-taxable","17":"purchasable","18":"product-type-simple"},"acf":[],"_links":{"self":[{"href":"https:\/\/stmtires.com\/es\/wp-json\/wp\/v2\/product\/248451","targetHints":{"allow":["GET"]}}],"collection":[{"href":"https:\/\/stmtires.com\/es\/wp-json\/wp\/v2\/product"}],"about":[{"href":"https:\/\/stmtires.com\/es\/wp-json\/wp\/v2\/types\/product"}],"replies":[{"embeddable":true,"href":"https:\/\/stmtires.com\/es\/wp-json\/wp\/v2\/comments?post=248451"}],"wp:featuredmedia":[{"embeddable":true,"href":"https:\/\/stmtires.com\/es\/wp-json\/wp\/v2\/media\/224513"}],"wp:attachment":[{"href":"https:\/\/stmtires.com\/es\/wp-json\/wp\/v2\/media?parent=248451"}],"wp:term":[{"taxonomy":"product_model","embeddable":true,"href":"https:\/\/stmtires.com\/es\/wp-json\/wp\/v2\/product_model?post=248451"},{"taxonomy":"product_brand","embeddable":true,"href":"https:\/\/stmtires.com\/es\/wp-json\/wp\/v2\/product_brand?post=248451"},{"taxonomy":"product_cat","embeddable":true,"href":"https:\/\/stmtires.com\/es\/wp-json\/wp\/v2\/product_cat?post=248451"},{"taxonomy":"product_tag","embeddable":true,"href":"https:\/\/stmtires.com\/es\/wp-json\/wp\/v2\/product_tag?post=248451"}],"curies":[{"name":"wp","href":"https:\/\/api.w.org\/{rel}","templated":true}]}}