{"id":248452,"date":"2022-09-25T18:28:42","date_gmt":"2022-09-25T23:28:42","guid":{"rendered":"https:\/\/website.dev.stmtires.com\/shop\/no_item\/10-00-16-d-tl-guia-campeon-grip-3-rib-f-2\/"},"modified":"2022-09-25T18:28:42","modified_gmt":"2022-09-25T23:28:42","slug":"10-00-16-d-tl-campeon-guia-agarre-3-costilla-f-2","status":"publish","type":"product","link":"https:\/\/stmtires.com\/es\/shop\/firestone-es\/10-00-16-d-tl-campeon-guia-agarre-3-costilla-f-2\/","title":{"rendered":"10.00-16 D TL GU\u00cdA CAMPE\u00d3N GRIP 3-RIB &#8211; F-2"},"content":{"rendered":"<p>Neum\u00e1tico agr\u00edcola F-2 Bias Front Tractor Tri Rib para todo tipo de condiciones de cultivo.<\/p>\n","protected":false},"excerpt":{"rendered":"<p>Neum\u00e1tico agr\u00edcola F-2 Bias Front Tractor Tri Rib para todo tipo de condiciones de cultivo.<\/p>\n","protected":false},"featured_media":0,"comment_status":"open","ping_status":"closed","template":"","meta":{"_acf_changed":false,"subheading":[]},"product_model":[22439],"product_brand":[15736],"product_cat":[26128,19324,26135,19355,26129,26134],"product_tag":[],"class_list":{"0":"post-248452","1":"product","2":"type-product","3":"status-publish","5":"product_model-champion-guide-grip-3-rib-f-2-es-2","6":"product_brand-firestone-es","7":"product_cat-agricola","8":"product_cat-costilla","9":"product_cat-granja","10":"product_cat-predisposicion","11":"product_cat-tractor-es","12":"product_cat-tractor-delantero","13":"pa_tire-size-10r16-es","15":"first","16":"instock","17":"shipping-taxable","18":"purchasable","19":"product-type-simple"},"acf":[],"_links":{"self":[{"href":"https:\/\/stmtires.com\/es\/wp-json\/wp\/v2\/product\/248452","targetHints":{"allow":["GET"]}}],"collection":[{"href":"https:\/\/stmtires.com\/es\/wp-json\/wp\/v2\/product"}],"about":[{"href":"https:\/\/stmtires.com\/es\/wp-json\/wp\/v2\/types\/product"}],"replies":[{"embeddable":true,"href":"https:\/\/stmtires.com\/es\/wp-json\/wp\/v2\/comments?post=248452"}],"wp:attachment":[{"href":"https:\/\/stmtires.com\/es\/wp-json\/wp\/v2\/media?parent=248452"}],"wp:term":[{"taxonomy":"product_model","embeddable":true,"href":"https:\/\/stmtires.com\/es\/wp-json\/wp\/v2\/product_model?post=248452"},{"taxonomy":"product_brand","embeddable":true,"href":"https:\/\/stmtires.com\/es\/wp-json\/wp\/v2\/product_brand?post=248452"},{"taxonomy":"product_cat","embeddable":true,"href":"https:\/\/stmtires.com\/es\/wp-json\/wp\/v2\/product_cat?post=248452"},{"taxonomy":"product_tag","embeddable":true,"href":"https:\/\/stmtires.com\/es\/wp-json\/wp\/v2\/product_tag?post=248452"}],"curies":[{"name":"wp","href":"https:\/\/api.w.org\/{rel}","templated":true}]}}