{"id":248457,"date":"2022-09-25T19:16:20","date_gmt":"2022-09-26T00:16:20","guid":{"rendered":"https:\/\/website.dev.stmtires.com\/shop\/no_item\/10-00-16-tl-guia-de-campeon-agarre-de-costilla-unica-f-1\/"},"modified":"2022-09-26T17:55:20","modified_gmt":"2022-09-26T22:55:20","slug":"10-00-16-tl-campeon-guia-agarre-una-sola-costilla-f-1","status":"publish","type":"product","link":"https:\/\/stmtires.com\/es\/shop\/firestone-es\/10-00-16-tl-campeon-guia-agarre-una-sola-costilla-f-1\/","title":{"rendered":"10.00-16 TL GU\u00cdA DE CAMPE\u00d3N AGARRE DE COSTILLA \u00daNICA \u2014 F-1"},"content":{"rendered":"<p>Neum\u00e1tico de sesgo de costilla \u00fanica para tractor delantero F-1 agr\u00edcola especialmente dise\u00f1ado para condiciones de barro profundo en campos de ca\u00f1a y arroz.<\/p>\n","protected":false},"excerpt":{"rendered":"<p>Neum\u00e1tico de sesgo de costilla \u00fanica para tractor delantero F-1 agr\u00edcola especialmente dise\u00f1ado para condiciones de barro profundo en campos de ca\u00f1a y arroz.<\/p>\n","protected":false},"featured_media":226243,"comment_status":"open","ping_status":"closed","template":"","meta":{"_acf_changed":false,"subheading":[]},"product_model":[22436],"product_brand":[15736],"product_cat":[26128,19324,19355,26129,26134],"product_tag":[],"class_list":{"0":"post-248457","1":"product","2":"type-product","3":"status-publish","4":"has-post-thumbnail","6":"product_model-champion-guide-grip-single-rib-f-1-es-2","7":"product_brand-firestone-es","8":"product_cat-agricola","9":"product_cat-costilla","10":"product_cat-predisposicion","11":"product_cat-tractor-es","12":"product_cat-tractor-delantero","13":"pa_tire-size-10r16-es","15":"first","16":"instock","17":"shipping-taxable","18":"purchasable","19":"product-type-simple"},"acf":[],"_links":{"self":[{"href":"https:\/\/stmtires.com\/es\/wp-json\/wp\/v2\/product\/248457","targetHints":{"allow":["GET"]}}],"collection":[{"href":"https:\/\/stmtires.com\/es\/wp-json\/wp\/v2\/product"}],"about":[{"href":"https:\/\/stmtires.com\/es\/wp-json\/wp\/v2\/types\/product"}],"replies":[{"embeddable":true,"href":"https:\/\/stmtires.com\/es\/wp-json\/wp\/v2\/comments?post=248457"}],"wp:featuredmedia":[{"embeddable":true,"href":"https:\/\/stmtires.com\/es\/wp-json\/wp\/v2\/media\/226243"}],"wp:attachment":[{"href":"https:\/\/stmtires.com\/es\/wp-json\/wp\/v2\/media?parent=248457"}],"wp:term":[{"taxonomy":"product_model","embeddable":true,"href":"https:\/\/stmtires.com\/es\/wp-json\/wp\/v2\/product_model?post=248457"},{"taxonomy":"product_brand","embeddable":true,"href":"https:\/\/stmtires.com\/es\/wp-json\/wp\/v2\/product_brand?post=248457"},{"taxonomy":"product_cat","embeddable":true,"href":"https:\/\/stmtires.com\/es\/wp-json\/wp\/v2\/product_cat?post=248457"},{"taxonomy":"product_tag","embeddable":true,"href":"https:\/\/stmtires.com\/es\/wp-json\/wp\/v2\/product_tag?post=248457"}],"curies":[{"name":"wp","href":"https:\/\/api.w.org\/{rel}","templated":true}]}}