{"id":248466,"date":"2022-09-26T00:59:19","date_gmt":"2022-09-26T05:59:19","guid":{"rendered":"https:\/\/website.dev.stmtires.com\/shop\/no_item\/1000-20-g-y67\/"},"modified":"2025-05-16T05:37:50","modified_gmt":"2025-05-16T10:37:50","slug":"10-00-20-g-y67-2","status":"publish","type":"product","link":"https:\/\/stmtires.com\/es\/shop\/yokohama\/10-00-20-g-y67-2\/","title":{"rendered":"10,00-20 G Y67"},"content":{"rendered":"<p>Vers\u00e1til neum\u00e1tico OTR Mining\/Construction E-3\/G-3\/IND-3\/L-3\/L-4 con compuestos espec\u00edficos y patrones de banda de rodadura para una amplia variedad de aplicaciones. Consulte Tama\u00f1os y especificaciones para aplicaciones espec\u00edficas.<\/p>\n","protected":false},"excerpt":{"rendered":"<p>Vers\u00e1til neum\u00e1tico OTR Mining\/Construction E-3\/G-3\/IND-3\/L-3\/L-4 con compuestos espec\u00edficos y patrones de banda de rodadura para una amplia variedad de aplicaciones. Consulte Tama\u00f1os y especificaciones para aplicaciones espec\u00edficas.<\/p>\n","protected":false},"featured_media":222940,"comment_status":"open","ping_status":"closed","template":"","meta":{"_acf_changed":false,"subheading":[]},"product_model":[22885],"product_brand":[54],"product_cat":[19313],"product_tag":[],"class_list":{"0":"post-248466","1":"product","2":"type-product","3":"status-publish","4":"has-post-thumbnail","6":"product_model-y67-es","7":"product_brand-yokohama","8":"product_cat-mineria","9":"pa_tire-size-10r20-es","11":"first","12":"instock","13":"shipping-taxable","14":"purchasable","15":"product-type-simple"},"acf":[],"_links":{"self":[{"href":"https:\/\/stmtires.com\/es\/wp-json\/wp\/v2\/product\/248466","targetHints":{"allow":["GET"]}}],"collection":[{"href":"https:\/\/stmtires.com\/es\/wp-json\/wp\/v2\/product"}],"about":[{"href":"https:\/\/stmtires.com\/es\/wp-json\/wp\/v2\/types\/product"}],"replies":[{"embeddable":true,"href":"https:\/\/stmtires.com\/es\/wp-json\/wp\/v2\/comments?post=248466"}],"wp:featuredmedia":[{"embeddable":true,"href":"https:\/\/stmtires.com\/es\/wp-json\/wp\/v2\/media\/222940"}],"wp:attachment":[{"href":"https:\/\/stmtires.com\/es\/wp-json\/wp\/v2\/media?parent=248466"}],"wp:term":[{"taxonomy":"product_model","embeddable":true,"href":"https:\/\/stmtires.com\/es\/wp-json\/wp\/v2\/product_model?post=248466"},{"taxonomy":"product_brand","embeddable":true,"href":"https:\/\/stmtires.com\/es\/wp-json\/wp\/v2\/product_brand?post=248466"},{"taxonomy":"product_cat","embeddable":true,"href":"https:\/\/stmtires.com\/es\/wp-json\/wp\/v2\/product_cat?post=248466"},{"taxonomy":"product_tag","embeddable":true,"href":"https:\/\/stmtires.com\/es\/wp-json\/wp\/v2\/product_tag?post=248466"}],"curies":[{"name":"wp","href":"https:\/\/api.w.org\/{rel}","templated":true}]}}